{"id":1067,"date":"2018-12-12T20:23:18","date_gmt":"2018-12-12T20:23:18","guid":{"rendered":"http:\/\/skolaklas.cz\/?page_id=1067"},"modified":"2026-01-08T14:12:21","modified_gmt":"2026-01-08T14:12:21","slug":"klastube","status":"publish","type":"page","link":"https:\/\/skolaklas.cz\/?page_id=1067","title":{"rendered":"Projekty \u017e\u00e1k\u016f"},"content":{"rendered":"<p><div class=\"fusion-fullwidth fullwidth-box fusion-builder-row-1 nonhundred-percent-fullwidth non-hundred-percent-height-scrolling\" style=\"--awb-border-radius-top-left:0px;--awb-border-radius-top-right:0px;--awb-border-radius-bottom-right:0px;--awb-border-radius-bottom-left:0px;--awb-flex-wrap:wrap;\" ><div class=\"fusion-builder-row fusion-row\"><div class=\"fusion-layout-column fusion_builder_column fusion-builder-column-0 fusion_builder_column_1_1 1_1 fusion-one-full fusion-column-first fusion-column-last\" style=\"--awb-bg-size:cover;\"><div class=\"fusion-column-wrapper fusion-flex-column-wrapper-legacy\"><div class=\"fusion-image-element in-legacy-container\" style=\"--awb-caption-title-font-family:var(--h2_typography-font-family);--awb-caption-title-font-weight:var(--h2_typography-font-weight);--awb-caption-title-font-style:var(--h2_typography-font-style);--awb-caption-title-size:var(--h2_typography-font-size);--awb-caption-title-transform:var(--h2_typography-text-transform);--awb-caption-title-line-height:var(--h2_typography-line-height);--awb-caption-title-letter-spacing:var(--h2_typography-letter-spacing);\"><span class=\" fusion-imageframe imageframe-none imageframe-1 hover-type-none\"><a class=\"fusion-no-lightbox\" href=\"https:\/\/sites.google.com\/skolaklas.cz\/understand-difference?pli=1\" target=\"_blank\" aria-label=\"Understand Difference\" rel=\"noopener noreferrer\"><img decoding=\"async\" width=\"1024\" height=\"271\" alt=\"Understand Difference\" src=\"http:\/\/skolaklas.cz\/wp-content\/uploads\/2026\/01\/ud-1024x271.png\" class=\"img-responsive wp-image-3180\" srcset=\"https:\/\/skolaklas.cz\/wp-content\/uploads\/2026\/01\/ud-200x53.png 200w, https:\/\/skolaklas.cz\/wp-content\/uploads\/2026\/01\/ud-400x106.png 400w, https:\/\/skolaklas.cz\/wp-content\/uploads\/2026\/01\/ud-600x159.png 600w, https:\/\/skolaklas.cz\/wp-content\/uploads\/2026\/01\/ud-800x212.png 800w, https:\/\/skolaklas.cz\/wp-content\/uploads\/2026\/01\/ud-1200x317.png 1200w, https:\/\/skolaklas.cz\/wp-content\/uploads\/2026\/01\/ud.png 1679w\" sizes=\"(max-width: 800px) 100vw, 1200px\" \/><\/a><\/span><\/div><div class=\"fusion-text fusion-text-1\"><h1 style=\"text-align: center;\">Understand Difference<\/h1>\n<p class=\"zfr3Q CDt4Ke \" dir=\"ltr\"><em><span class=\"C9DxTc \">My, \u017e\u00e1ci Z\u0160 Klas,<\/span><\/em><\/p>\n<p class=\"zfr3Q CDt4Ke \" dir=\"ltr\"><em><span class=\"C9DxTc \">jsme se setkali s lidmi z r\u016fzn\u00fdch kout\u016f sv\u011bta \u2013 nejen ve \u0161kole, ale i mimo ni. Sd\u00edleli s n\u00e1mi sv\u00e9 \u017eivoty, sny, obavy i radosti, a uk\u00e1zali n\u00e1m, jak\u00e9 to je za\u010d\u00ednat znovu v ciz\u00ed zemi. Ka\u017ed\u00fd rozhovor byl jin\u00fd, ale v\u0161echny m\u011bly jedno spole\u010dn\u00e9: lidskost. Zjistili jsme, jak moc n\u00e1s rozd\u00edly obohacuj\u00ed a \u017ee porozum\u011bn\u00ed za\u010d\u00edn\u00e1 poslechem. Seznamte se s jejich p\u0159\u00edb\u011bhy \u2013 mo\u017en\u00e1 v nich najdete i kousek sebe.<\/span><\/em><\/p>\n<p class=\"zfr3Q CDt4Ke \" dir=\"ltr\"><span class=\"C9DxTc \">Terka, K\u00e1ja a Bart, VII.A<\/span><\/p>\n<p class=\"zfr3Q CDt4Ke \" dir=\"ltr\"><span class=\"C9DxTc \">Projekt &#8222;Rozum\u00edme si \/ Understand Difference&#8220; zpracovali \u017e\u00e1ci IV.-IX.A bilingvn\u00ed z\u00e1kladn\u00ed \u0161koly Z\u0160 Klas v Pardubic\u00edch. P\u0159ipravili ot\u00e1zky v \u010de\u0161tin\u011b, angli\u010dtin\u011b a \u0161pan\u011bl\u0161tin\u011b a v t\u011bchto jazyc\u00edch vedli rozhovory se sv\u00fdmi spolu\u017e\u00e1ky, u\u010diteli i dal\u0161\u00edmi cizinci \u017eij\u00edc\u00edmi v Pardubic\u00edch a okol\u00ed, aby se s nimi l\u00e9pe poznali. Sami videa nato\u010dili, sest\u0159\u00edhali, vytvo\u0159ili tento web i promo na s\u00edt\u011b.\u00a0<\/span><\/p>\n<p class=\"zfr3Q CDt4Ke \" dir=\"ltr\"><span class=\"C9DxTc \">D\u011bkujeme v\u0161em, kdo se z\u00fa\u010dastnili a pomohli!<\/span><\/p>\n<\/div><div class=\"fusion-aligncenter\"><a class=\"fusion-button button-flat fusion-button-default-size button-default fusion-button-default button-1 fusion-button-default-span fusion-button-default-type\" target=\"_blank\" rel=\"noopener noreferrer\" href=\"https:\/\/sites.google.com\/skolaklas.cz\/understand-difference?pli=1\"><span class=\"fusion-button-text awb-button__text awb-button__text--default\">Nav\u0161tivte web projektu<\/span><\/a><\/div><div class=\"fusion-sep-clear\"><\/div><div class=\"fusion-separator fusion-full-width-sep\" style=\"margin-left: auto;margin-right: auto;margin-top:50px;width:100%;\"><div class=\"fusion-separator-border sep-single sep-solid\" style=\"--awb-height:20px;--awb-amount:20px;border-color:#e0dede;border-top-width:1px;\"><\/div><\/div><div class=\"fusion-sep-clear\"><\/div><div class=\"fusion-clearfix\"><\/div><\/div><\/div><div class=\"fusion-layout-column fusion_builder_column fusion-builder-column-1 fusion_builder_column_1_1 1_1 fusion-one-full fusion-column-first fusion-column-last\" style=\"--awb-bg-size:cover;\"><div class=\"fusion-column-wrapper fusion-flex-column-wrapper-legacy\"><div class=\"fusion-text fusion-text-2\"><h1 style=\"text-align: center;\">BookTube<\/h1>\n<p>Na\u0161i \u017e\u00e1ci \u2013 knihovn\u00edci a jejich host\u00e9 se s v\u00e1mi cht\u011bj\u00ed pod\u011blit o sv\u00e1 hodnocen\u00ed knih, kter\u00e9 p\u0159e\u010detli. \u017de si ani trochu nezadaj\u00ed s dosp\u011bl\u00fdmi booktubery , se m\u016f\u017eete p\u0159esv\u011bd\u010dit na vlastn\u00ed o\u010di.<\/p>\n<\/div><div class=\"fusion-clearfix\"><\/div><\/div><\/div><div class=\"fusion-layout-column fusion_builder_column fusion-builder-column-2 fusion_builder_column_1_2 1_2 fusion-one-half fusion-column-first\" style=\"--awb-bg-size:cover;width:50%;width:calc(50% - ( ( 4% ) * 0.5 ) );margin-right: 4%;\"><div class=\"fusion-column-wrapper fusion-flex-column-wrapper-legacy\"><div class=\"fusion-text fusion-text-3\"><h2 style=\"text-align: center;\">J. R. R. Tolkien: Hobit<\/h2>\n<\/div><div class=\"fusion-video fusion-youtube fusion-aligncenter\" style=\"--awb-max-width:600px;--awb-max-height:360px;--awb-width:100%;\"><div class=\"video-shortcode\"><div class=\"fluid-width-video-wrapper\" style=\"padding-top:60%;\" ><iframe title=\"YouTube video player 1\" src=\"https:\/\/www.youtube.com\/embed\/KYEE6ti3tPc?wmode=transparent&autoplay=0\" width=\"600\" height=\"360\" allowfullscreen allow=\"autoplay; clipboard-write; encrypted-media; gyroscope; picture-in-picture;\"><\/iframe><\/div><\/div><\/div><div class=\"fusion-clearfix\"><\/div><\/div><\/div><div class=\"fusion-layout-column fusion_builder_column fusion-builder-column-3 fusion_builder_column_1_2 1_2 fusion-one-half fusion-column-last\" style=\"--awb-bg-size:cover;width:50%;width:calc(50% - ( ( 4% ) * 0.5 ) );\"><div class=\"fusion-column-wrapper fusion-flex-column-wrapper-legacy\"><div class=\"fusion-text fusion-text-4\"><h2 style=\"text-align: center;\">J. K. Rowling: Harry Potter<\/h2>\n<\/div><div class=\"fusion-video fusion-youtube fusion-aligncenter\" style=\"--awb-max-width:600px;--awb-max-height:360px;--awb-width:100%;\"><div class=\"video-shortcode\"><div class=\"fluid-width-video-wrapper\" style=\"padding-top:60%;\" ><iframe title=\"YouTube video player 2\" src=\"https:\/\/www.youtube.com\/embed\/JeamSZX-LFo?wmode=transparent&autoplay=0\" width=\"600\" height=\"360\" allowfullscreen allow=\"autoplay; clipboard-write; encrypted-media; gyroscope; picture-in-picture;\"><\/iframe><\/div><\/div><\/div><div class=\"fusion-clearfix\"><\/div><\/div><\/div><div class=\"fusion-layout-column fusion_builder_column fusion-builder-column-4 fusion_builder_column_1_2 1_2 fusion-one-half fusion-column-first\" style=\"--awb-bg-size:cover;width:50%;width:calc(50% - ( ( 4% ) * 0.5 ) );margin-right: 4%;\"><div class=\"fusion-column-wrapper fusion-flex-column-wrapper-legacy\"><div class=\"fusion-text fusion-text-5\"><h2 style=\"text-align: center;\">Tove Marika Jansson: Mum\u00ednci<\/h2>\n<\/div><div class=\"fusion-video fusion-youtube fusion-aligncenter\" style=\"--awb-max-width:600px;--awb-max-height:360px;--awb-width:100%;\"><div class=\"video-shortcode\"><div class=\"fluid-width-video-wrapper\" style=\"padding-top:60%;\" ><iframe title=\"YouTube video player 3\" src=\"https:\/\/www.youtube.com\/embed\/--3AnDGA8t0?wmode=transparent&autoplay=0\" width=\"600\" height=\"360\" allowfullscreen allow=\"autoplay; clipboard-write; encrypted-media; gyroscope; picture-in-picture;\"><\/iframe><\/div><\/div><\/div><div class=\"fusion-clearfix\"><\/div><\/div><\/div><div class=\"fusion-layout-column fusion_builder_column fusion-builder-column-5 fusion_builder_column_1_2 1_2 fusion-one-half fusion-column-last\" style=\"--awb-bg-size:cover;width:50%;width:calc(50% - ( ( 4% ) * 0.5 ) );\"><div class=\"fusion-column-wrapper fusion-flex-column-wrapper-legacy\"><div class=\"fusion-clearfix\"><\/div><\/div><\/div><div class=\"fusion-layout-column fusion_builder_column fusion-builder-column-6 fusion_builder_column_1_2 1_2 fusion-one-half fusion-column-first\" style=\"--awb-bg-size:cover;width:50%;width:calc(50% - ( ( 4% ) * 0.5 ) );margin-right: 4%;\"><div class=\"fusion-column-wrapper fusion-flex-column-wrapper-legacy\"><div class=\"fusion-clearfix\"><\/div><\/div><\/div><\/div><\/div><div class=\"fusion-fullwidth fullwidth-box fusion-builder-row-2 nonhundred-percent-fullwidth non-hundred-percent-height-scrolling\" style=\"--awb-border-radius-top-left:0px;--awb-border-radius-top-right:0px;--awb-border-radius-bottom-right:0px;--awb-border-radius-bottom-left:0px;--awb-flex-wrap:wrap;\" ><div class=\"fusion-builder-row fusion-row\"><\/div><\/div><\/p>\n","protected":false},"excerpt":{"rendered":"","protected":false},"author":2,"featured_media":0,"parent":0,"menu_order":0,"comment_status":"closed","ping_status":"closed","template":"","meta":{"footnotes":""},"class_list":["post-1067","page","type-page","status-publish","hentry"],"_links":{"self":[{"href":"https:\/\/skolaklas.cz\/index.php?rest_route=\/wp\/v2\/pages\/1067","targetHints":{"allow":["GET"]}}],"collection":[{"href":"https:\/\/skolaklas.cz\/index.php?rest_route=\/wp\/v2\/pages"}],"about":[{"href":"https:\/\/skolaklas.cz\/index.php?rest_route=\/wp\/v2\/types\/page"}],"author":[{"embeddable":true,"href":"https:\/\/skolaklas.cz\/index.php?rest_route=\/wp\/v2\/users\/2"}],"replies":[{"embeddable":true,"href":"https:\/\/skolaklas.cz\/index.php?rest_route=%2Fwp%2Fv2%2Fcomments&post=1067"}],"version-history":[{"count":23,"href":"https:\/\/skolaklas.cz\/index.php?rest_route=\/wp\/v2\/pages\/1067\/revisions"}],"predecessor-version":[{"id":3186,"href":"https:\/\/skolaklas.cz\/index.php?rest_route=\/wp\/v2\/pages\/1067\/revisions\/3186"}],"wp:attachment":[{"href":"https:\/\/skolaklas.cz\/index.php?rest_route=%2Fwp%2Fv2%2Fmedia&parent=1067"}],"curies":[{"name":"wp","href":"https:\/\/api.w.org\/{rel}","templated":true}]}}