{"id":1070,"date":"2018-12-12T20:29:29","date_gmt":"2018-12-12T20:29:29","guid":{"rendered":"http:\/\/skolaklas.cz\/?page_id=1070"},"modified":"2026-02-20T21:23:38","modified_gmt":"2026-02-20T21:23:38","slug":"skolni-uniforma","status":"publish","type":"page","link":"https:\/\/skolaklas.cz\/?page_id=1070","title":{"rendered":"\u0160koln\u00ed uniforma"},"content":{"rendered":"<div class=\"fusion-fullwidth fullwidth-box fusion-builder-row-1 nonhundred-percent-fullwidth non-hundred-percent-height-scrolling\" style=\"--awb-border-radius-top-left:0px;--awb-border-radius-top-right:0px;--awb-border-radius-bottom-right:0px;--awb-border-radius-bottom-left:0px;--awb-flex-wrap:wrap;\" ><div class=\"fusion-builder-row fusion-row\"><div class=\"fusion-layout-column fusion_builder_column fusion-builder-column-0 fusion_builder_column_1_1 1_1 fusion-one-full fusion-column-first fusion-column-last\" style=\"--awb-bg-size:cover;\"><div class=\"fusion-column-wrapper fusion-flex-column-wrapper-legacy\"><div class=\"fusion-text fusion-text-1\"><p>Na ur\u010den\u00e9 \u0161koln\u00ed akce (prvn\u00ed \u0161koln\u00ed den, vysv\u011bd\u010den\u00ed, hl\u00e1\u0161en\u00e9 n\u00e1v\u0161t\u011bvy ve \u0161kole a v\u0161echny akce mimo \u0161kolu, nen\u00ed-li nahl\u00e1\u0161eno jinak) nos\u00ed \u017e\u00e1ci \u0161koln\u00ed uniformu, ta se skl\u00e1d\u00e1:<br \/>\nPro d\u00edvky: \u0161ed\u00e1 sukn\u011b nad kolena nebo \u0161atovka, anebo tmav\u011b modr\u00e9 kalhoty (ne d\u017e\u00edny), b\u00edl\u00e1 ko\u0161ile a \u010derven\u00fd svetr.<br \/>\nPro chlapce: tmav\u011b modr\u00e9 kalhoty (ne d\u017e\u00edny), b\u00edl\u00e1 ko\u0161ile nebo b\u00edl\u00e9 polo tri\u010dko s l\u00edme\u010dkem a tmav\u011b modr\u00fd svetr.<\/p>\n<\/div><div class=\"fusion-clearfix\"><\/div><\/div><\/div><div class=\"fusion-layout-column fusion_builder_column fusion-builder-column-1 fusion_builder_column_1_2 1_2 fusion-one-half fusion-column-first\" style=\"--awb-bg-size:cover;width:50%;width:calc(50% - ( ( 4% ) * 0.5 ) );margin-right: 4%;\"><div class=\"fusion-column-wrapper fusion-flex-column-wrapper-legacy\"><div class=\"fusion-image-element in-legacy-container\" style=\"--awb-caption-title-font-family:var(--h2_typography-font-family);--awb-caption-title-font-weight:var(--h2_typography-font-weight);--awb-caption-title-font-style:var(--h2_typography-font-style);--awb-caption-title-size:var(--h2_typography-font-size);--awb-caption-title-transform:var(--h2_typography-text-transform);--awb-caption-title-line-height:var(--h2_typography-line-height);--awb-caption-title-letter-spacing:var(--h2_typography-letter-spacing);\"><span class=\" fusion-imageframe imageframe-none imageframe-1 hover-type-none\"><img decoding=\"async\" width=\"768\" height=\"1024\" title=\"Image-38\" src=\"http:\/\/skolaklas.cz\/wp-content\/uploads\/2018\/12\/Image-38-768x1024.jpg\" alt class=\"img-responsive wp-image-1071\" srcset=\"https:\/\/skolaklas.cz\/wp-content\/uploads\/2018\/12\/Image-38-200x267.jpg 200w, https:\/\/skolaklas.cz\/wp-content\/uploads\/2018\/12\/Image-38-400x533.jpg 400w, https:\/\/skolaklas.cz\/wp-content\/uploads\/2018\/12\/Image-38-600x800.jpg 600w, https:\/\/skolaklas.cz\/wp-content\/uploads\/2018\/12\/Image-38-800x1067.jpg 800w, https:\/\/skolaklas.cz\/wp-content\/uploads\/2018\/12\/Image-38-1200x1600.jpg 1200w, https:\/\/skolaklas.cz\/wp-content\/uploads\/2018\/12\/Image-38.jpg 3024w\" sizes=\"(max-width: 800px) 100vw, 600px\" \/><\/span><\/div><div class=\"fusion-clearfix\"><\/div><\/div><\/div><div class=\"fusion-layout-column fusion_builder_column fusion-builder-column-2 fusion_builder_column_1_2 1_2 fusion-one-half fusion-column-last\" style=\"--awb-bg-size:cover;width:50%;width:calc(50% - ( ( 4% ) * 0.5 ) );\"><div class=\"fusion-column-wrapper fusion-flex-column-wrapper-legacy\"><div class=\"fusion-image-element in-legacy-container\" style=\"--awb-caption-title-font-family:var(--h2_typography-font-family);--awb-caption-title-font-weight:var(--h2_typography-font-weight);--awb-caption-title-font-style:var(--h2_typography-font-style);--awb-caption-title-size:var(--h2_typography-font-size);--awb-caption-title-transform:var(--h2_typography-text-transform);--awb-caption-title-line-height:var(--h2_typography-line-height);--awb-caption-title-letter-spacing:var(--h2_typography-letter-spacing);\"><span class=\" fusion-imageframe imageframe-none imageframe-2 hover-type-none\"><img decoding=\"async\" width=\"768\" height=\"1024\" title=\"Image-39\" src=\"http:\/\/skolaklas.cz\/wp-content\/uploads\/2018\/12\/Image-39-768x1024.jpg\" alt class=\"img-responsive wp-image-1072\" srcset=\"https:\/\/skolaklas.cz\/wp-content\/uploads\/2018\/12\/Image-39-200x267.jpg 200w, https:\/\/skolaklas.cz\/wp-content\/uploads\/2018\/12\/Image-39-400x533.jpg 400w, https:\/\/skolaklas.cz\/wp-content\/uploads\/2018\/12\/Image-39-600x800.jpg 600w, https:\/\/skolaklas.cz\/wp-content\/uploads\/2018\/12\/Image-39-800x1067.jpg 800w, https:\/\/skolaklas.cz\/wp-content\/uploads\/2018\/12\/Image-39-1200x1600.jpg 1200w, https:\/\/skolaklas.cz\/wp-content\/uploads\/2018\/12\/Image-39.jpg 3024w\" sizes=\"(max-width: 800px) 100vw, 600px\" \/><\/span><\/div><div class=\"fusion-clearfix\"><\/div><\/div><\/div><div class=\"fusion-layout-column fusion_builder_column fusion-builder-column-3 fusion_builder_column_1_3 1_3 fusion-one-third fusion-column-first\" style=\"--awb-bg-size:cover;width:33.333333333333%;width:calc(33.333333333333% - ( ( 4% + 4% ) * 0.33333333333333 ) );margin-right: 4%;\"><div class=\"fusion-column-wrapper fusion-flex-column-wrapper-legacy\"><div class=\"fusion-image-element in-legacy-container\" style=\"--awb-caption-title-font-family:var(--h2_typography-font-family);--awb-caption-title-font-weight:var(--h2_typography-font-weight);--awb-caption-title-font-style:var(--h2_typography-font-style);--awb-caption-title-size:var(--h2_typography-font-size);--awb-caption-title-transform:var(--h2_typography-text-transform);--awb-caption-title-line-height:var(--h2_typography-line-height);--awb-caption-title-letter-spacing:var(--h2_typography-letter-spacing);\"><span class=\" fusion-imageframe imageframe-none imageframe-3 hover-type-none\"><img decoding=\"async\" width=\"768\" height=\"1024\" title=\"Image-41\" src=\"http:\/\/skolaklas.cz\/wp-content\/uploads\/2018\/12\/Image-41-768x1024.jpg\" alt class=\"img-responsive wp-image-1074\" srcset=\"https:\/\/skolaklas.cz\/wp-content\/uploads\/2018\/12\/Image-41-200x267.jpg 200w, https:\/\/skolaklas.cz\/wp-content\/uploads\/2018\/12\/Image-41-400x533.jpg 400w, https:\/\/skolaklas.cz\/wp-content\/uploads\/2018\/12\/Image-41-600x800.jpg 600w, https:\/\/skolaklas.cz\/wp-content\/uploads\/2018\/12\/Image-41-800x1067.jpg 800w, https:\/\/skolaklas.cz\/wp-content\/uploads\/2018\/12\/Image-41-1200x1600.jpg 1200w, https:\/\/skolaklas.cz\/wp-content\/uploads\/2018\/12\/Image-41.jpg 3024w\" sizes=\"(max-width: 800px) 100vw, 400px\" \/><\/span><\/div><div class=\"fusion-clearfix\"><\/div><\/div><\/div><div class=\"fusion-layout-column fusion_builder_column fusion-builder-column-4 fusion_builder_column_1_3 1_3 fusion-one-third\" style=\"--awb-bg-size:cover;width:33.333333333333%;width:calc(33.333333333333% - ( ( 4% + 4% ) * 0.33333333333333 ) );margin-right: 4%;\"><div class=\"fusion-column-wrapper fusion-flex-column-wrapper-legacy\"><div class=\"fusion-image-element in-legacy-container\" style=\"--awb-caption-title-font-family:var(--h2_typography-font-family);--awb-caption-title-font-weight:var(--h2_typography-font-weight);--awb-caption-title-font-style:var(--h2_typography-font-style);--awb-caption-title-size:var(--h2_typography-font-size);--awb-caption-title-transform:var(--h2_typography-text-transform);--awb-caption-title-line-height:var(--h2_typography-line-height);--awb-caption-title-letter-spacing:var(--h2_typography-letter-spacing);\"><span class=\" fusion-imageframe imageframe-none imageframe-4 hover-type-none\"><img decoding=\"async\" width=\"768\" height=\"1024\" title=\"Image-42\" src=\"http:\/\/skolaklas.cz\/wp-content\/uploads\/2018\/12\/Image-42-768x1024.jpg\" alt class=\"img-responsive wp-image-1075\" srcset=\"https:\/\/skolaklas.cz\/wp-content\/uploads\/2018\/12\/Image-42-200x267.jpg 200w, https:\/\/skolaklas.cz\/wp-content\/uploads\/2018\/12\/Image-42-400x533.jpg 400w, https:\/\/skolaklas.cz\/wp-content\/uploads\/2018\/12\/Image-42-600x800.jpg 600w, https:\/\/skolaklas.cz\/wp-content\/uploads\/2018\/12\/Image-42-800x1067.jpg 800w, https:\/\/skolaklas.cz\/wp-content\/uploads\/2018\/12\/Image-42-1200x1600.jpg 1200w, https:\/\/skolaklas.cz\/wp-content\/uploads\/2018\/12\/Image-42.jpg 3024w\" sizes=\"(max-width: 800px) 100vw, 400px\" \/><\/span><\/div><div class=\"fusion-clearfix\"><\/div><\/div><\/div><div class=\"fusion-layout-column fusion_builder_column fusion-builder-column-5 fusion_builder_column_1_3 1_3 fusion-one-third fusion-column-last\" style=\"--awb-bg-size:cover;width:33.333333333333%;width:calc(33.333333333333% - ( ( 4% + 4% ) * 0.33333333333333 ) );\"><div class=\"fusion-column-wrapper fusion-flex-column-wrapper-legacy\"><div class=\"fusion-image-element in-legacy-container\" style=\"--awb-caption-title-font-family:var(--h2_typography-font-family);--awb-caption-title-font-weight:var(--h2_typography-font-weight);--awb-caption-title-font-style:var(--h2_typography-font-style);--awb-caption-title-size:var(--h2_typography-font-size);--awb-caption-title-transform:var(--h2_typography-text-transform);--awb-caption-title-line-height:var(--h2_typography-line-height);--awb-caption-title-letter-spacing:var(--h2_typography-letter-spacing);\"><span class=\" fusion-imageframe imageframe-none imageframe-5 hover-type-none\"><img decoding=\"async\" width=\"768\" height=\"1024\" title=\"Image-40\" src=\"http:\/\/skolaklas.cz\/wp-content\/uploads\/2018\/12\/Image-40-768x1024.jpg\" alt class=\"img-responsive wp-image-1073\" srcset=\"https:\/\/skolaklas.cz\/wp-content\/uploads\/2018\/12\/Image-40-200x267.jpg 200w, https:\/\/skolaklas.cz\/wp-content\/uploads\/2018\/12\/Image-40-400x533.jpg 400w, https:\/\/skolaklas.cz\/wp-content\/uploads\/2018\/12\/Image-40-600x800.jpg 600w, https:\/\/skolaklas.cz\/wp-content\/uploads\/2018\/12\/Image-40-800x1067.jpg 800w, https:\/\/skolaklas.cz\/wp-content\/uploads\/2018\/12\/Image-40-1200x1600.jpg 1200w, https:\/\/skolaklas.cz\/wp-content\/uploads\/2018\/12\/Image-40.jpg 3024w\" sizes=\"(max-width: 800px) 100vw, 400px\" \/><\/span><\/div><div class=\"fusion-clearfix\"><\/div><\/div><\/div><\/div><\/div>\n","protected":false},"excerpt":{"rendered":"","protected":false},"author":2,"featured_media":0,"parent":0,"menu_order":0,"comment_status":"closed","ping_status":"closed","template":"","meta":{"footnotes":""},"class_list":["post-1070","page","type-page","status-publish","hentry"],"_links":{"self":[{"href":"https:\/\/skolaklas.cz\/index.php?rest_route=\/wp\/v2\/pages\/1070","targetHints":{"allow":["GET"]}}],"collection":[{"href":"https:\/\/skolaklas.cz\/index.php?rest_route=\/wp\/v2\/pages"}],"about":[{"href":"https:\/\/skolaklas.cz\/index.php?rest_route=\/wp\/v2\/types\/page"}],"author":[{"embeddable":true,"href":"https:\/\/skolaklas.cz\/index.php?rest_route=\/wp\/v2\/users\/2"}],"replies":[{"embeddable":true,"href":"https:\/\/skolaklas.cz\/index.php?rest_route=%2Fwp%2Fv2%2Fcomments&post=1070"}],"version-history":[{"count":3,"href":"https:\/\/skolaklas.cz\/index.php?rest_route=\/wp\/v2\/pages\/1070\/revisions"}],"predecessor-version":[{"id":3203,"href":"https:\/\/skolaklas.cz\/index.php?rest_route=\/wp\/v2\/pages\/1070\/revisions\/3203"}],"wp:attachment":[{"href":"https:\/\/skolaklas.cz\/index.php?rest_route=%2Fwp%2Fv2%2Fmedia&parent=1070"}],"curies":[{"name":"wp","href":"https:\/\/api.w.org\/{rel}","templated":true}]}}