{"id":118,"date":"2017-07-10T10:34:59","date_gmt":"2017-07-10T10:34:59","guid":{"rendered":"http:\/\/skolaklas.cz\/?page_id=118"},"modified":"2025-11-20T08:26:53","modified_gmt":"2025-11-20T08:26:53","slug":"poplatky","status":"publish","type":"page","link":"https:\/\/skolaklas.cz\/?page_id=118","title":{"rendered":"Poplatky"},"content":{"rendered":"<div class=\"fusion-fullwidth fullwidth-box fusion-builder-row-1 nonhundred-percent-fullwidth non-hundred-percent-height-scrolling\" style=\"--awb-border-radius-top-left:0px;--awb-border-radius-top-right:0px;--awb-border-radius-bottom-right:0px;--awb-border-radius-bottom-left:0px;--awb-flex-wrap:wrap;\" ><div class=\"fusion-builder-row fusion-row\"><div class=\"fusion-layout-column fusion_builder_column fusion-builder-column-0 fusion_builder_column_1_1 1_1 fusion-one-full fusion-column-first fusion-column-last\" style=\"--awb-bg-size:cover;\"><div class=\"fusion-column-wrapper fusion-flex-column-wrapper-legacy\"><div class=\"fusion-text fusion-text-1\"><p>Ceny aktualizov\u00e1ny k 1. 1. 2026.<\/p>\n<p>\u0160koln\u00e9 je ur\u010deno smluvn\u00ed \u010d\u00e1stkou za jeden rok s mo\u017enou \u00fahradou formou m\u011bs\u00ed\u010dn\u00edch plateb na ka\u017ed\u00fd jeden kalend\u00e1\u0159n\u00ed m\u011bs\u00edc.<\/p>\n<p>130 800,- ro\u010dn\u011b = 12 x 10 900,- m\u011bs\u00ed\u010dn\u011b<span style=\"background-color: rgba(255, 255, 255, 0); color: var(--body_typography-color); font-family: var(--body_typography-font-family); font-size: var(--body_typography-font-size); font-style: var(--body_typography-font-style,normal); font-weight: var(--body_typography-font-weight); letter-spacing: var(--body_typography-letter-spacing);\">\u00a0(\u0161koln\u00ed rok za\u010d\u00edn\u00e1 1.9. a kon\u010d\u00ed 31.8.)<\/span><\/p>\n<p>Doporu\u010dujeme trval\u00fd p\u0159\u00edkaz k prvn\u00edmu dni kalend\u00e1\u0159n\u00edho m\u011bs\u00edce.<\/p>\n<div><\/div>\n<\/div><style type='text\/css'>\n\t\t\t\t.pricing-table-1.fusion-pricing-table .panel-container, .pricing-table-1.fusion-pricing-table .standout .panel-container,\n\t\t\t\t.pricing-table-1.full-boxed-pricing.fusion-pricing-table {background-color:#f8f8f8;}\n\t\t\t\t.pricing-table-1.fusion-pricing-table .list-group .list-group-item,\n\t\t\t\t.pricing-table-1.fusion-pricing-table .list-group .list-group-item:last-child{background-color:#ffffff; border-color:#ededed;}\n\t\t\t\t.pricing-table-1.full-boxed-pricing.fusion-pricing-table .panel-wrapper:hover .panel-heading,\n\t\t\t\t.pricing-table-1.fusion-pricing-table .panel-wrapper:hover .list-group-item {background-color:#f8f8f8;}\n\t\t\t\t.pricing-table-1.full-boxed-pricing.fusion-pricing-table .panel-heading{background-color:#ffffff;}\n\t\t\t\t.pricing-table-1.fusion-pricing-table .fusion-panel, .pricing-table-1 .panel-wrapper:last-child .fusion-panel,\n\t\t\t\t.pricing-table-1.fusion-pricing-table .standout .fusion-panel, .pricing-table-1.fusion-pricing-table  .panel-heading,\n\t\t\t\t.pricing-table-1.fusion-pricing-table .panel-body, .pricing-table-1.fusion-pricing-table .panel-footer{border-color:#ededed;}\n\t\t\t\t.pricing-table-1.fusion-pricing-table .panel-body, .pricing-table-1.fusion-pricing-table .panel-footer{background-color:#f8f8f8;}\n\t\t\t\t.pricing-table-1.sep-boxed-pricing.fusion-pricing-table .panel-heading h3{color:#333333;}\n\t\t\t\t.pricing-table-1.full-boxed-pricing.fusion-pricing-table .panel-heading h3{color:#333333;}\n\t\t\t\t.pricing-table-1.fusion-pricing-table .panel-body .price .decimal-part{color:#a0ce4e;}\n\t\t\t\t.pricing-table-1.fusion-pricing-table .panel-body .price .integer-part{color:#a0ce4e;}\n\t\t\t\t.pricing-table-1.fusion-pricing-table ul.list-group li{color:#747474;}\n\t\t\t\t<\/style><div class=\"fusion-pricing-table pricing-table-1 full-boxed-pricing row fusion-columns-3 columns-3 fusion-clearfix\"><div class=\"panel-wrapper fusion-column column col-lg-4 col-md-4 col-sm-4 fusion-pricingtable-column\"><div class=\"panel-container\"><div class=\"fusion-panel\"><div class=\"panel-heading\"><h3 class=\"title-row\">M\u0160 - 5 dn\u00ed v t\u00fddnu<\/h3><\/div><div class=\"panel-body pricing-row\"><div class=\"price \"><span class=\"integer-part\">111 600<\/span><span class=\"currency pos-right price-without-decimal\">K\u010d<\/span><span class=\"time pos-right price-without-decimal\">ro\u010dn\u011b<\/span><\/div><\/div><\/ul><div class=\"panel-footer footer-row\">9 300,- m\u011bs\u00ed\u010dn\u011b<\/p>\n<\/div><\/div><\/div><\/div><div class=\"panel-wrapper fusion-column column col-lg-4 col-md-4 col-sm-4 fusion-pricingtable-column\"><div class=\"panel-container\"><div class=\"fusion-panel\"><div class=\"panel-heading\"><h3 class=\"title-row\">M\u0160 - 4 dny v t\u00fddnu<\/h3><\/div><div class=\"panel-body pricing-row\"><div class=\"price \"><span class=\"integer-part\">99 600<\/span><span class=\"currency pos-right price-without-decimal\">K\u010d<\/span><span class=\"time pos-right price-without-decimal\">ro\u010dn\u011b<\/span><\/div><\/div><\/ul><div class=\"panel-footer footer-row\">8 300,- m\u011bs\u00ed\u010dn\u011b<\/p>\n<\/div><\/div><\/div><\/div><div class=\"panel-wrapper fusion-column column col-lg-4 col-md-4 col-sm-4 fusion-pricingtable-column\"><div class=\"panel-container\"><div class=\"fusion-panel\"><div class=\"panel-heading\"><h3 class=\"title-row\">M\u0160 - 3 dny v t\u00fddnu<\/h3><\/div><div class=\"panel-body pricing-row\"><div class=\"price \"><span class=\"integer-part\">87 600<\/span><span class=\"currency pos-right price-without-decimal\">K\u010d<\/span><span class=\"time pos-right price-without-decimal\">ro\u010dn\u011b<\/span><\/div><\/div><\/ul><div class=\"panel-footer footer-row\">7 300,- m\u011bs\u00ed\u010dn\u011b<\/p>\n<\/div><\/div><\/div><\/div><\/div><style type='text\/css'>\n\t\t\t\t.pricing-table-2.fusion-pricing-table .panel-container, .pricing-table-2.fusion-pricing-table .standout .panel-container,\n\t\t\t\t.pricing-table-2.full-boxed-pricing.fusion-pricing-table {background-color:#f8f8f8;}\n\t\t\t\t.pricing-table-2.fusion-pricing-table .list-group .list-group-item,\n\t\t\t\t.pricing-table-2.fusion-pricing-table .list-group .list-group-item:last-child{background-color:#ffffff; border-color:#ededed;}\n\t\t\t\t.pricing-table-2.full-boxed-pricing.fusion-pricing-table .panel-wrapper:hover .panel-heading,\n\t\t\t\t.pricing-table-2.fusion-pricing-table .panel-wrapper:hover .list-group-item {background-color:#f8f8f8;}\n\t\t\t\t.pricing-table-2.full-boxed-pricing.fusion-pricing-table .panel-heading{background-color:#ffffff;}\n\t\t\t\t.pricing-table-2.fusion-pricing-table .fusion-panel, .pricing-table-2 .panel-wrapper:last-child .fusion-panel,\n\t\t\t\t.pricing-table-2.fusion-pricing-table .standout .fusion-panel, .pricing-table-2.fusion-pricing-table  .panel-heading,\n\t\t\t\t.pricing-table-2.fusion-pricing-table .panel-body, .pricing-table-2.fusion-pricing-table .panel-footer{border-color:#ededed;}\n\t\t\t\t.pricing-table-2.fusion-pricing-table .panel-body, .pricing-table-2.fusion-pricing-table .panel-footer{background-color:#f8f8f8;}\n\t\t\t\t.pricing-table-2.sep-boxed-pricing.fusion-pricing-table .panel-heading h3{color:#333333;}\n\t\t\t\t.pricing-table-2.full-boxed-pricing.fusion-pricing-table .panel-heading h3{color:#333333;}\n\t\t\t\t.pricing-table-2.fusion-pricing-table .panel-body .price .decimal-part{color:#a0ce4e;}\n\t\t\t\t.pricing-table-2.fusion-pricing-table .panel-body .price .integer-part{color:#a0ce4e;}\n\t\t\t\t.pricing-table-2.fusion-pricing-table ul.list-group li{color:#747474;}\n\t\t\t\t<\/style><div class=\"fusion-pricing-table pricing-table-2 full-boxed-pricing row fusion-columns-2 columns-2 fusion-clearfix\"><div class=\"panel-wrapper fusion-column column col-lg-6 col-md-6 col-sm-6 fusion-pricingtable-column\"><div class=\"panel-container\"><div class=\"fusion-panel\"><div class=\"panel-heading\"><h3 class=\"title-row\">Z\u00e1kladn\u00ed \u0161kola<\/h3><\/div><div class=\"panel-body pricing-row\"><div class=\"price \"><span class=\"integer-part\">130 800<\/span><span class=\"currency pos-right price-without-decimal\">K\u010d<\/span><span class=\"time pos-right price-without-decimal\">ro\u010dn\u011b<\/span><\/div><\/div><\/ul><div class=\"panel-footer footer-row\">10 900,- m\u011bs\u00ed\u010dn\u011b (prezen\u010dn\u00ed a kombinovan\u00e1 forma)<\/div><\/div><\/div><\/div><div class=\"panel-wrapper fusion-column column col-lg-6 col-md-6 col-sm-6 fusion-pricingtable-column\"><div class=\"panel-container\"><div class=\"fusion-panel\"><div class=\"panel-heading\"><h3 class=\"title-row\">\u0160koln\u00ed dru\u017eina<\/h3><\/div><div class=\"panel-body pricing-row\"><div class=\"price \"><span class=\"integer-part\">8 000<\/span><span class=\"currency pos-right price-without-decimal\">K\u010d<\/span><span class=\"time pos-right price-without-decimal\">ro\u010dn\u011b<\/span><\/div><\/div><\/ul><div class=\"panel-footer footer-row\">800,- m\u011bs\u00ed\u010dn\u011b (jen v dob\u011b \u0161koln\u00edho vyu\u010dov\u00e1n\u00ed)<\/div><\/div><\/div><\/div><\/div><div class=\"fusion-text fusion-text-2\"><p>Slevu na sourozence v m\u011bs\u00ed\u010dn\u00ed v\u00fd\u0161i 1.000 K\u010d poskytujeme pouze pro druh\u00e9ho a dal\u0161\u00edho sourozence \u0161kol\u00e1ka \u010di p\u0159ed\u0161kol\u00e1ka s plnou doch\u00e1zkou.<\/p>\n<p><strong>V\u00fd\u0161e uveden\u00fd cen\u00edk je orienta\u010dn\u00ed pro dan\u00fd \u0161koln\u00ed rok, p\u0159ednost m\u00e1 v\u0161ak v\u017edy zn\u011bn\u00ed smlouvy.<\/strong><\/p>\n<\/div><style type='text\/css'>\n\t\t\t\t.pricing-table-3.fusion-pricing-table .panel-container, .pricing-table-3.fusion-pricing-table .standout .panel-container,\n\t\t\t\t.pricing-table-3.full-boxed-pricing.fusion-pricing-table {background-color:#f8f8f8;}\n\t\t\t\t.pricing-table-3.fusion-pricing-table .list-group .list-group-item,\n\t\t\t\t.pricing-table-3.fusion-pricing-table .list-group .list-group-item:last-child{background-color:#ffffff; border-color:#ededed;}\n\t\t\t\t.pricing-table-3.full-boxed-pricing.fusion-pricing-table .panel-wrapper:hover .panel-heading,\n\t\t\t\t.pricing-table-3.fusion-pricing-table .panel-wrapper:hover .list-group-item {background-color:#f8f8f8;}\n\t\t\t\t.pricing-table-3.full-boxed-pricing.fusion-pricing-table .panel-heading{background-color:#ffffff;}\n\t\t\t\t.pricing-table-3.fusion-pricing-table .fusion-panel, .pricing-table-3 .panel-wrapper:last-child .fusion-panel,\n\t\t\t\t.pricing-table-3.fusion-pricing-table .standout .fusion-panel, .pricing-table-3.fusion-pricing-table  .panel-heading,\n\t\t\t\t.pricing-table-3.fusion-pricing-table .panel-body, .pricing-table-3.fusion-pricing-table .panel-footer{border-color:#ededed;}\n\t\t\t\t.pricing-table-3.fusion-pricing-table .panel-body, .pricing-table-3.fusion-pricing-table .panel-footer{background-color:#f8f8f8;}\n\t\t\t\t.pricing-table-3.sep-boxed-pricing.fusion-pricing-table .panel-heading h3{color:#333333;}\n\t\t\t\t.pricing-table-3.full-boxed-pricing.fusion-pricing-table .panel-heading h3{color:#333333;}\n\t\t\t\t.pricing-table-3.fusion-pricing-table .panel-body .price .decimal-part{color:#a0ce4e;}\n\t\t\t\t.pricing-table-3.fusion-pricing-table .panel-body .price .integer-part{color:#a0ce4e;}\n\t\t\t\t.pricing-table-3.fusion-pricing-table ul.list-group li{color:#747474;}\n\t\t\t\t<\/style><div class=\"fusion-pricing-table pricing-table-3 full-boxed-pricing row fusion-columns-2 columns-2 fusion-clearfix\"><div class=\"panel-wrapper fusion-column column col-lg-6 col-md-6 col-sm-6 fusion-pricingtable-column\"><div class=\"panel-container\"><div class=\"fusion-panel\"><div class=\"panel-heading\"><h3 class=\"title-row\">Doprava \u0161koln\u00edm autobusem Pce-HK<\/h3><\/div><div class=\"panel-body pricing-row\"><div class=\"price \"><span class=\"integer-part\">3 800<\/span><span class=\"currency pos-right price-without-decimal\">K\u010d<\/span><span class=\"time pos-right price-without-decimal\">m\u011bs\u00ed\u010dn\u011b<\/span><\/div><\/div><\/ul><div class=\"panel-footer footer-row\">pau\u0161\u00e1l na denn\u00ed dopravu Pce-HK (adekv\u00e1tn\u011b se kr\u00e1t\u00ed v dob\u011b pr\u00e1zdnin \u2013 v\u00e1no\u010dn\u00edch, jarn\u00edch \u2013 a v dob\u011b celo\u0161koln\u00edch v\u00fdjezd\u016f na \u0161koly v p\u0159\u00edrod\u011b a adapta\u010dn\u00ed t\u00fdden)<\/div><\/div><\/div><\/div><div class=\"panel-wrapper fusion-column column col-lg-6 col-md-6 col-sm-6 fusion-pricingtable-column\"><div class=\"panel-container\"><div class=\"fusion-panel\"><div class=\"panel-heading\"><h3 class=\"title-row\">M\u00edstn\u00ed doprava \u0161koln\u00edm autobusem<\/h3><\/div><div class=\"panel-body pricing-row\"><div class=\"price \"><span class=\"integer-part\">110<\/span><span class=\"currency pos-right price-without-decimal\">K\u010d<\/span><\/div><\/div><\/ul><div class=\"panel-footer footer-row\">sazba jednotliv\u00e9 cesty dopravy po Pardubic\u00edch<\/div><\/div><\/div><\/div><\/div><div class=\"fusion-text fusion-text-3\"><p><strong>Strava:<\/strong><br \/>\ndodavatel: Lions Group, s.r.o., I\u010cO: 02730910<\/p>\n<p>Stravn\u00e9 je \u0159e\u0161eno m\u011bs\u00ed\u010dn\u00ed fakturac\u00ed na z\u00e1klad\u011b po\u010dtu odebran\u00fdch j\u00eddel, ceny j\u00eddla pro v\u011bkovou skupinu a p\u0159ipo\u010dten\u00ed p\u0159\u00edpadn\u00e9ho p\u0159esn\u00edd\u00e1vkov\u00e9ho\/sva\u010dinov\u00e9ho p\u0159\u00edplatku.<\/p>\n<\/div><style type='text\/css'>\n\t\t\t\t.pricing-table-4.fusion-pricing-table .panel-container, .pricing-table-4.fusion-pricing-table .standout .panel-container,\n\t\t\t\t.pricing-table-4.full-boxed-pricing.fusion-pricing-table {background-color:#f8f8f8;}\n\t\t\t\t.pricing-table-4.fusion-pricing-table .list-group .list-group-item,\n\t\t\t\t.pricing-table-4.fusion-pricing-table .list-group .list-group-item:last-child{background-color:#ffffff; border-color:#ededed;}\n\t\t\t\t.pricing-table-4.full-boxed-pricing.fusion-pricing-table .panel-wrapper:hover .panel-heading,\n\t\t\t\t.pricing-table-4.fusion-pricing-table .panel-wrapper:hover .list-group-item {background-color:#f8f8f8;}\n\t\t\t\t.pricing-table-4.full-boxed-pricing.fusion-pricing-table .panel-heading{background-color:#ffffff;}\n\t\t\t\t.pricing-table-4.fusion-pricing-table .fusion-panel, .pricing-table-4 .panel-wrapper:last-child .fusion-panel,\n\t\t\t\t.pricing-table-4.fusion-pricing-table .standout .fusion-panel, .pricing-table-4.fusion-pricing-table  .panel-heading,\n\t\t\t\t.pricing-table-4.fusion-pricing-table .panel-body, .pricing-table-4.fusion-pricing-table .panel-footer{border-color:#ededed;}\n\t\t\t\t.pricing-table-4.fusion-pricing-table .panel-body, .pricing-table-4.fusion-pricing-table .panel-footer{background-color:#f8f8f8;}\n\t\t\t\t.pricing-table-4.sep-boxed-pricing.fusion-pricing-table .panel-heading h3{color:#333333;}\n\t\t\t\t.pricing-table-4.full-boxed-pricing.fusion-pricing-table .panel-heading h3{color:#333333;}\n\t\t\t\t.pricing-table-4.fusion-pricing-table .panel-body .price .decimal-part{color:#a0ce4e;}\n\t\t\t\t.pricing-table-4.fusion-pricing-table .panel-body .price .integer-part{color:#a0ce4e;}\n\t\t\t\t.pricing-table-4.fusion-pricing-table ul.list-group li{color:#747474;}\n\t\t\t\t<\/style><div class=\"fusion-pricing-table pricing-table-4 full-boxed-pricing row fusion-columns-3 columns-3 fusion-clearfix\"><div class=\"panel-wrapper fusion-column column col-lg-4 col-md-4 col-sm-4 fusion-pricingtable-column\"><div class=\"panel-container\"><div class=\"fusion-panel\"><div class=\"panel-heading\"><h3 class=\"title-row\">Ob\u011bdy - M\u0160<\/h3><\/div><div class=\"panel-body pricing-row\"><div class=\"price \"><span class=\"integer-part\">70<\/span><span class=\"currency pos-right price-without-decimal\">K\u010d<\/span><span class=\"time pos-right price-without-decimal\">1 hlavn\u00ed j\u00eddlo<\/span><\/div><\/div><\/ul><div class=\"panel-footer footer-row\">sva\u010diny 30 K\u010d\/den (celodenn\u00ed sva\u010diny a pitn\u00fd re\u017eim: dopoledn\u00ed p\u0159esn\u00edd\u00e1vka, 2 odpoledn\u00ed sva\u010diny, n\u00e1poje)<\/div><\/div><\/div><\/div><div class=\"panel-wrapper fusion-column column col-lg-4 col-md-4 col-sm-4 fusion-pricingtable-column\"><div class=\"panel-container\"><div class=\"fusion-panel\"><div class=\"panel-heading\"><h3 class=\"title-row\">Ob\u011bdy - 1. stupe\u0148 Z\u0160<\/h3><\/div><div class=\"panel-body pricing-row\"><div class=\"price \"><span class=\"integer-part\">75<\/span><span class=\"currency pos-right price-without-decimal\">K\u010d<\/span><span class=\"time pos-right price-without-decimal\">1 hlavn\u00ed j\u00eddlo<\/span><\/div><\/div><\/ul><div class=\"panel-footer footer-row\">sva\u010diny 45 K\u010d\/den<\/div><\/div><\/div><\/div><div class=\"panel-wrapper fusion-column column col-lg-4 col-md-4 col-sm-4 fusion-pricingtable-column\"><div class=\"panel-container\"><div class=\"fusion-panel\"><div class=\"panel-heading\"><h3 class=\"title-row\">Ob\u011bdy - 2. stupe\u0148 Z\u0160<\/h3><\/div><div class=\"panel-body pricing-row\"><div class=\"price \"><span class=\"integer-part\">80<\/span><span class=\"currency pos-right price-without-decimal\">K\u010d<\/span><span class=\"time pos-right price-without-decimal\">1 hlavn\u00ed j\u00eddlo<\/span><\/div><\/div><\/ul><div class=\"panel-footer footer-row\">sva\u010diny 55 K\u010d\/den<\/div><\/div><\/div><\/div><\/div><div class=\"fusion-clearfix\"><\/div><\/div><\/div><\/div><\/div>\n","protected":false},"excerpt":{"rendered":"","protected":false},"author":2,"featured_media":0,"parent":17,"menu_order":0,"comment_status":"closed","ping_status":"closed","template":"","meta":{"footnotes":""},"class_list":["post-118","page","type-page","status-publish","hentry"],"_links":{"self":[{"href":"https:\/\/skolaklas.cz\/index.php?rest_route=\/wp\/v2\/pages\/118","targetHints":{"allow":["GET"]}}],"collection":[{"href":"https:\/\/skolaklas.cz\/index.php?rest_route=\/wp\/v2\/pages"}],"about":[{"href":"https:\/\/skolaklas.cz\/index.php?rest_route=\/wp\/v2\/types\/page"}],"author":[{"embeddable":true,"href":"https:\/\/skolaklas.cz\/index.php?rest_route=\/wp\/v2\/users\/2"}],"replies":[{"embeddable":true,"href":"https:\/\/skolaklas.cz\/index.php?rest_route=%2Fwp%2Fv2%2Fcomments&post=118"}],"version-history":[{"count":44,"href":"https:\/\/skolaklas.cz\/index.php?rest_route=\/wp\/v2\/pages\/118\/revisions"}],"predecessor-version":[{"id":3088,"href":"https:\/\/skolaklas.cz\/index.php?rest_route=\/wp\/v2\/pages\/118\/revisions\/3088"}],"up":[{"embeddable":true,"href":"https:\/\/skolaklas.cz\/index.php?rest_route=\/wp\/v2\/pages\/17"}],"wp:attachment":[{"href":"https:\/\/skolaklas.cz\/index.php?rest_route=%2Fwp%2Fv2%2Fmedia&parent=118"}],"curies":[{"name":"wp","href":"https:\/\/api.w.org\/{rel}","templated":true}]}}