{"id":1264,"date":"2019-02-03T13:33:44","date_gmt":"2019-02-03T13:33:44","guid":{"rendered":"http:\/\/skolaklas.cz\/?page_id=1264"},"modified":"2026-02-27T11:52:24","modified_gmt":"2026-02-27T11:52:24","slug":"o-skolce","status":"publish","type":"page","link":"https:\/\/skolaklas.cz\/?page_id=1264","title":{"rendered":"PRO\u010c K N\u00c1M"},"content":{"rendered":"<div class=\"fusion-fullwidth fullwidth-box fusion-builder-row-1 nonhundred-percent-fullwidth non-hundred-percent-height-scrolling\" style=\"--awb-border-radius-top-left:0px;--awb-border-radius-top-right:0px;--awb-border-radius-bottom-right:0px;--awb-border-radius-bottom-left:0px;--awb-flex-wrap:wrap;\" ><div class=\"fusion-builder-row fusion-row\"><div class=\"fusion-layout-column fusion_builder_column fusion-builder-column-0 fusion_builder_column_1_1 1_1 fusion-one-full fusion-column-first fusion-column-last\" style=\"--awb-bg-size:cover;\"><div class=\"fusion-column-wrapper fusion-column-has-shadow fusion-flex-column-wrapper-legacy\"><div class=\"fusion-tabs fusion-tabs-1 clean vertical-tabs icon-position-left mobile-mode-accordion\" style=\"--awb-title-border-radius-top-left:0px;--awb-title-border-radius-top-right:0px;--awb-title-border-radius-bottom-right:0px;--awb-title-border-radius-bottom-left:0px;--awb-alignment:start;--awb-inactive-color:rgba(160,206,78,0.5);--awb-background-color:#a0ce4e;--awb-border-color:#ebeaea;--awb-active-border-color:#a0ce4e;\"><div class=\"nav\"><ul class=\"nav-tabs\" role=\"tablist\"><li class=\"active\" role=\"presentation\"><a class=\"tab-link\" data-toggle=\"tab\" role=\"tab\" aria-controls=\"tab-80c96711365c42436c8\" aria-selected=\"true\" id=\"fusion-tab-bilingvn\u00edv\u00fduka\" href=\"#tab-80c96711365c42436c8\"><h4 class=\"fusion-tab-heading\"><i class=\"fontawesome-icon fa-star fas\" aria-hidden=\"true\" style=\"font-size:13px;\"><\/i>Bilingvn\u00ed v\u00fduka<\/h4><\/a><\/li><li role=\"presentation\"><a class=\"tab-link\" data-toggle=\"tab\" role=\"tab\" aria-controls=\"tab-0f23cc9122709e02448\" aria-selected=\"false\" tabindex=\"-1\" id=\"fusion-tab-mal\u00fdkolektivaindividu\u00e1ln\u00edp\u0159\u00edstup\" href=\"#tab-0f23cc9122709e02448\"><h4 class=\"fusion-tab-heading\"><i class=\"fontawesome-icon fa-star fas\" aria-hidden=\"true\" style=\"font-size:13px;\"><\/i>Mal\u00fd kolektiv a individu\u00e1ln\u00ed p\u0159\u00edstup<\/h4><\/a><\/li><li role=\"presentation\"><a class=\"tab-link\" data-toggle=\"tab\" role=\"tab\" aria-controls=\"tab-dd06c55090f6e7d0a97\" aria-selected=\"false\" tabindex=\"-1\" id=\"fusion-tab-respektuj\u00edc\u00edp\u0159\u00edstup\" href=\"#tab-dd06c55090f6e7d0a97\"><h4 class=\"fusion-tab-heading\"><i class=\"fontawesome-icon fa-star fas\" aria-hidden=\"true\" style=\"font-size:13px;\"><\/i>Respektuj\u00edc\u00ed p\u0159\u00edstup<\/h4><\/a><\/li><li role=\"presentation\"><a class=\"tab-link\" data-toggle=\"tab\" role=\"tab\" aria-controls=\"tab-ba52ac98a18666d657b\" aria-selected=\"false\" tabindex=\"-1\" id=\"fusion-tab-p\u0159\u00edpravanav\u00fdukuvangli\u010dtin\u011b\" href=\"#tab-ba52ac98a18666d657b\"><h4 class=\"fusion-tab-heading\"><i class=\"fontawesome-icon fa-star fas\" aria-hidden=\"true\" style=\"font-size:13px;\"><\/i>P\u0159\u00edprava na v\u00fduku v angli\u010dtin\u011b<\/h4><\/a><\/li><\/ul><\/div><div class=\"tab-content\"><div class=\"nav fusion-mobile-tab-nav\"><ul class=\"nav-tabs\" role=\"tablist\"><li class=\"active\" role=\"presentation\"><a class=\"tab-link\" data-toggle=\"tab\" role=\"tab\" aria-controls=\"tab-80c96711365c42436c8\" aria-selected=\"true\" id=\"mobile-fusion-tab-bilingvn\u00edv\u00fduka\" href=\"#tab-80c96711365c42436c8\"><h4 class=\"fusion-tab-heading\"><i class=\"fontawesome-icon fa-star fas\" aria-hidden=\"true\" style=\"font-size:13px;\"><\/i>Bilingvn\u00ed v\u00fduka<\/h4><\/a><\/li><\/ul><\/div><div class=\"tab-pane fade fusion-clearfix in active\" role=\"tabpanel\" tabindex=\"0\" aria-labelledby=\"fusion-tab-bilingvn\u00edv\u00fduka\" id=\"tab-80c96711365c42436c8\">\n<p><a href=\"http:\/\/skolaklas.cz\/wp-content\/uploads\/2026\/02\/bilingvni-vyuka.jpeg\"><img decoding=\"async\" class=\"alignleft wp-image-3208 size-medium\" src=\"http:\/\/skolaklas.cz\/wp-content\/uploads\/2026\/02\/bilingvni-vyuka-300x274.jpeg\" alt=\"\" width=\"300\" height=\"274\" srcset=\"https:\/\/skolaklas.cz\/wp-content\/uploads\/2026\/02\/bilingvni-vyuka-200x183.jpeg 200w, https:\/\/skolaklas.cz\/wp-content\/uploads\/2026\/02\/bilingvni-vyuka-300x274.jpeg 300w, https:\/\/skolaklas.cz\/wp-content\/uploads\/2026\/02\/bilingvni-vyuka-400x365.jpeg 400w, https:\/\/skolaklas.cz\/wp-content\/uploads\/2026\/02\/bilingvni-vyuka.jpeg 527w\" sizes=\"(max-width: 300px) 100vw, 300px\" \/><\/a><\/p>\n<p>V\u00a0M\u0160 Klas p\u016fsob\u00ed rodil\u00fd mluv\u010d\u00ed a bilingvn\u00ed u\u010ditel, ka\u017edodenn\u00edm komunika\u010dn\u00edm jazykem je \u010de\u0161tina a angli\u010dtina. Zaslechnout ale m\u016f\u017eete i \u0161pan\u011bl\u0161tinu, japon\u0161tinu, ukrajin\u0161tinu, z\u00e1le\u017e\u00ed na moment\u00e1ln\u00ed skladb\u011b d\u011btsk\u00e9ho kolektivu.<\/p>\n<p>D\u011bti obklopuje bilingvn\u00ed prost\u0159ed\u00ed, a d\u00edky tomu se rychle u\u010d\u00ed rozum\u011bt jednoduch\u00fdm pokyn\u016fm v\u00a0obou jazyc\u00edch a postupn\u011b se zvl\u00e1dnout i vyjad\u0159ovat. P\u0159irozen\u011b tak\u00e9 ztr\u00e1cej\u00ed ostych a strach, a tedy i p\u0159edsudky \u2013 multikulturn\u00ed prost\u0159ed\u00ed a respekt k\u00a0jinakosti, kter\u00e1 obohacuje, je z\u00e1kladn\u00ed hodnotou na\u0161\u00ed \u0161koly.<\/p>\n<\/div><div class=\"nav fusion-mobile-tab-nav\"><ul class=\"nav-tabs\" role=\"tablist\"><li role=\"presentation\"><a class=\"tab-link\" data-toggle=\"tab\" role=\"tab\" aria-controls=\"tab-0f23cc9122709e02448\" aria-selected=\"false\" tabindex=\"-1\" id=\"mobile-fusion-tab-mal\u00fdkolektivaindividu\u00e1ln\u00edp\u0159\u00edstup\" href=\"#tab-0f23cc9122709e02448\"><h4 class=\"fusion-tab-heading\"><i class=\"fontawesome-icon fa-star fas\" aria-hidden=\"true\" style=\"font-size:13px;\"><\/i>Mal\u00fd kolektiv a individu\u00e1ln\u00ed p\u0159\u00edstup<\/h4><\/a><\/li><\/ul><\/div><div class=\"tab-pane fade fusion-clearfix\" role=\"tabpanel\" tabindex=\"0\" aria-labelledby=\"fusion-tab-mal\u00fdkolektivaindividu\u00e1ln\u00edp\u0159\u00edstup\" id=\"tab-0f23cc9122709e02448\">\n<p><a href=\"http:\/\/skolaklas.cz\/wp-content\/uploads\/2026\/02\/maly-kolektiv-a-individualni-pristup.jpeg\"><img decoding=\"async\" class=\"alignleft wp-image-3207 size-medium\" src=\"http:\/\/skolaklas.cz\/wp-content\/uploads\/2026\/02\/maly-kolektiv-a-individualni-pristup-300x280.jpeg\" alt=\"\" width=\"300\" height=\"280\" srcset=\"https:\/\/skolaklas.cz\/wp-content\/uploads\/2026\/02\/maly-kolektiv-a-individualni-pristup-200x186.jpeg 200w, https:\/\/skolaklas.cz\/wp-content\/uploads\/2026\/02\/maly-kolektiv-a-individualni-pristup-300x280.jpeg 300w, https:\/\/skolaklas.cz\/wp-content\/uploads\/2026\/02\/maly-kolektiv-a-individualni-pristup-400x373.jpeg 400w, https:\/\/skolaklas.cz\/wp-content\/uploads\/2026\/02\/maly-kolektiv-a-individualni-pristup.jpeg 516w\" sizes=\"(max-width: 300px) 100vw, 300px\" \/><\/a><\/p>\n<p>Denn\u00ed \u010dinnosti a \u0159\u00edzen\u00fd program prob\u00edh\u00e1 v\u00a0men\u0161\u00edch kolektivech do 15 d\u011bt\u00ed. D\u00edky tomu je mo\u017en\u00e9 s\u00a0d\u011btmi pracovat individu\u00e1ln\u011bji, nechat je vyniknout v\u00a0jejich p\u0159ednostech a podpo\u0159it je tam, kde to pot\u0159ebuj\u00ed.<\/p>\n<\/div><div class=\"nav fusion-mobile-tab-nav\"><ul class=\"nav-tabs\" role=\"tablist\"><li role=\"presentation\"><a class=\"tab-link\" data-toggle=\"tab\" role=\"tab\" aria-controls=\"tab-dd06c55090f6e7d0a97\" aria-selected=\"false\" tabindex=\"-1\" id=\"mobile-fusion-tab-respektuj\u00edc\u00edp\u0159\u00edstup\" href=\"#tab-dd06c55090f6e7d0a97\"><h4 class=\"fusion-tab-heading\"><i class=\"fontawesome-icon fa-star fas\" aria-hidden=\"true\" style=\"font-size:13px;\"><\/i>Respektuj\u00edc\u00ed p\u0159\u00edstup<\/h4><\/a><\/li><\/ul><\/div><div class=\"tab-pane fade fusion-clearfix\" role=\"tabpanel\" tabindex=\"0\" aria-labelledby=\"fusion-tab-respektuj\u00edc\u00edp\u0159\u00edstup\" id=\"tab-dd06c55090f6e7d0a97\">\n<p><a href=\"http:\/\/skolaklas.cz\/wp-content\/uploads\/2026\/02\/respektujici-pristup.jpeg\"><img decoding=\"async\" class=\"alignleft wp-image-3205 size-medium\" src=\"http:\/\/skolaklas.cz\/wp-content\/uploads\/2026\/02\/respektujici-pristup-300x298.jpeg\" alt=\"\" width=\"300\" height=\"298\" srcset=\"https:\/\/skolaklas.cz\/wp-content\/uploads\/2026\/02\/respektujici-pristup-66x66.jpeg 66w, https:\/\/skolaklas.cz\/wp-content\/uploads\/2026\/02\/respektujici-pristup-150x150.jpeg 150w, https:\/\/skolaklas.cz\/wp-content\/uploads\/2026\/02\/respektujici-pristup-200x198.jpeg 200w, https:\/\/skolaklas.cz\/wp-content\/uploads\/2026\/02\/respektujici-pristup-300x298.jpeg 300w, https:\/\/skolaklas.cz\/wp-content\/uploads\/2026\/02\/respektujici-pristup-400x397.jpeg 400w, https:\/\/skolaklas.cz\/wp-content\/uploads\/2026\/02\/respektujici-pristup.jpeg 484w\" sizes=\"(max-width: 300px) 100vw, 300px\" \/><\/a><\/p>\n<p>Respekt je jednou z\u00a0nejd\u016fle\u017eit\u011bj\u0161\u00edch hodnot na\u0161\u00ed \u0161koly. V\u00a0M\u0160 se uplat\u0148uje nap\u0159\u00edklad tak, \u017ee p\u0159i konfliktu mezi d\u011btmi komunikujeme a pt\u00e1me se na p\u0159\u00ed\u010diny, ale tak\u00e9 citliv\u011b vedeme k\u00a0ohleduplnosti a v\u011bdom\u00ed komunity. Respektujeme individu\u00e1ln\u00ed tempo i osobnostn\u00ed nastaven\u00ed a\u0165 u\u017e jde nap\u0159. o pot\u0159ebu sp\u00e1nku nebo j\u00eddla.<\/p>\n<\/div><div class=\"nav fusion-mobile-tab-nav\"><ul class=\"nav-tabs\" role=\"tablist\"><li role=\"presentation\"><a class=\"tab-link\" data-toggle=\"tab\" role=\"tab\" aria-controls=\"tab-ba52ac98a18666d657b\" aria-selected=\"false\" tabindex=\"-1\" id=\"mobile-fusion-tab-p\u0159\u00edpravanav\u00fdukuvangli\u010dtin\u011b\" href=\"#tab-ba52ac98a18666d657b\"><h4 class=\"fusion-tab-heading\"><i class=\"fontawesome-icon fa-star fas\" aria-hidden=\"true\" style=\"font-size:13px;\"><\/i>P\u0159\u00edprava na v\u00fduku v angli\u010dtin\u011b<\/h4><\/a><\/li><\/ul><\/div><div class=\"tab-pane fade fusion-clearfix\" role=\"tabpanel\" tabindex=\"0\" aria-labelledby=\"fusion-tab-p\u0159\u00edpravanav\u00fdukuvangli\u010dtin\u011b\" id=\"tab-ba52ac98a18666d657b\">\n<p><a href=\"http:\/\/skolaklas.cz\/wp-content\/uploads\/2026\/02\/priprava-na-vyuku-v-anglictine.jpeg\"><img decoding=\"async\" class=\"alignleft wp-image-3206 size-medium\" src=\"http:\/\/skolaklas.cz\/wp-content\/uploads\/2026\/02\/priprava-na-vyuku-v-anglictine-280x300.jpeg\" alt=\"\" width=\"280\" height=\"300\" srcset=\"https:\/\/skolaklas.cz\/wp-content\/uploads\/2026\/02\/priprava-na-vyuku-v-anglictine-200x214.jpeg 200w, https:\/\/skolaklas.cz\/wp-content\/uploads\/2026\/02\/priprava-na-vyuku-v-anglictine-280x300.jpeg 280w, https:\/\/skolaklas.cz\/wp-content\/uploads\/2026\/02\/priprava-na-vyuku-v-anglictine-400x428.jpeg 400w, https:\/\/skolaklas.cz\/wp-content\/uploads\/2026\/02\/priprava-na-vyuku-v-anglictine.jpeg 480w\" sizes=\"(max-width: 280px) 100vw, 280px\" \/><\/a><\/p>\n<p>Krom\u011b denn\u00ed komunikace v\u00a0\u010de\u0161tin\u011b a angli\u010dtin\u011b se d\u011bti v\u00a0r\u00e1mci \u0159\u00edzen\u00e9ho programu c\u00edlen\u011b seznamuj\u00ed se slovn\u00ed z\u00e1sobou z\u00a0r\u016fzn\u00fdch oblast\u00ed \u2013 ro\u010dn\u00ed obdob\u00ed, barvy, zv\u00ed\u0159ata, sv\u00e1tky, po\u010d\u00edt\u00e1n\u00ed. Pokud pak pokra\u010duj\u00ed do 1. t\u0159\u00eddy na\u0161\u00ed \u0161koly, bez pot\u00ed\u017e\u00ed zvl\u00e1daj\u00ed nap\u0159\u00edklad v\u00fduku matematiky v\u00a0angli\u010dtin\u011b.<\/p>\n<\/div><\/div><\/div><div class=\"fusion-clearfix\"><\/div><\/div><\/div><\/div><\/div>\n","protected":false},"excerpt":{"rendered":"","protected":false},"author":2,"featured_media":0,"parent":0,"menu_order":0,"comment_status":"closed","ping_status":"closed","template":"","meta":{"footnotes":""},"class_list":["post-1264","page","type-page","status-publish","hentry"],"_links":{"self":[{"href":"https:\/\/skolaklas.cz\/index.php?rest_route=\/wp\/v2\/pages\/1264","targetHints":{"allow":["GET"]}}],"collection":[{"href":"https:\/\/skolaklas.cz\/index.php?rest_route=\/wp\/v2\/pages"}],"about":[{"href":"https:\/\/skolaklas.cz\/index.php?rest_route=\/wp\/v2\/types\/page"}],"author":[{"embeddable":true,"href":"https:\/\/skolaklas.cz\/index.php?rest_route=\/wp\/v2\/users\/2"}],"replies":[{"embeddable":true,"href":"https:\/\/skolaklas.cz\/index.php?rest_route=%2Fwp%2Fv2%2Fcomments&post=1264"}],"version-history":[{"count":9,"href":"https:\/\/skolaklas.cz\/index.php?rest_route=\/wp\/v2\/pages\/1264\/revisions"}],"predecessor-version":[{"id":3211,"href":"https:\/\/skolaklas.cz\/index.php?rest_route=\/wp\/v2\/pages\/1264\/revisions\/3211"}],"wp:attachment":[{"href":"https:\/\/skolaklas.cz\/index.php?rest_route=%2Fwp%2Fv2%2Fmedia&parent=1264"}],"curies":[{"name":"wp","href":"https:\/\/api.w.org\/{rel}","templated":true}]}}