{"id":141,"date":"2017-07-10T11:12:13","date_gmt":"2017-07-10T11:12:13","guid":{"rendered":"http:\/\/skolaklas.cz\/?page_id=141"},"modified":"2026-01-08T13:36:38","modified_gmt":"2026-01-08T13:36:38","slug":"galerie-x","status":"publish","type":"page","link":"https:\/\/skolaklas.cz\/?page_id=141","title":{"rendered":"Budova a z\u00e1zem\u00ed"},"content":{"rendered":"<div class=\"fusion-fullwidth fullwidth-box fusion-builder-row-1 nonhundred-percent-fullwidth non-hundred-percent-height-scrolling\" style=\"--awb-border-radius-top-left:0px;--awb-border-radius-top-right:0px;--awb-border-radius-bottom-right:0px;--awb-border-radius-bottom-left:0px;--awb-flex-wrap:wrap;\" ><div class=\"fusion-builder-row fusion-row\"><div class=\"fusion-layout-column fusion_builder_column fusion-builder-column-0 fusion_builder_column_1_1 1_1 fusion-one-full fusion-column-first fusion-column-last\" style=\"--awb-bg-size:cover;\"><div class=\"fusion-column-wrapper fusion-flex-column-wrapper-legacy\"><div class=\"fusion-title title fusion-title-1 fusion-title-center fusion-title-text fusion-title-size-two\"><div class=\"title-sep-container title-sep-container-left\"><div class=\"title-sep sep-double sep-solid\" style=\"border-color:#e0dede;\"><\/div><\/div><span class=\"awb-title-spacer\"><\/span><h2 class=\"fusion-title-heading title-heading-center\" style=\"margin:0;\">Virtu\u00e1ln\u00ed prohl\u00eddka \u0161koly<\/h2><span class=\"awb-title-spacer\"><\/span><div class=\"title-sep-container title-sep-container-right\"><div class=\"title-sep sep-double sep-solid\" style=\"border-color:#e0dede;\"><\/div><\/div><\/div><iframe width='853' height='480' src='https:\/\/my.matterport.com\/show\/?m=Vf2HW3ZWom6' frameborder='0' allowfullscreen allow='xr-spatial-tracking'><\/iframe><div class=\"fusion-clearfix\"><\/div><\/div><\/div><div class=\"fusion-layout-column fusion_builder_column fusion-builder-column-1 fusion_builder_column_1_1 1_1 fusion-one-full fusion-column-first fusion-column-last\" style=\"--awb-bg-size:cover;\"><div class=\"fusion-column-wrapper fusion-flex-column-wrapper-legacy\"><div class=\"fusion-title title fusion-title-2 fusion-title-center fusion-title-text fusion-title-size-two\"><div class=\"title-sep-container title-sep-container-left\"><div class=\"title-sep sep-double sep-solid\" style=\"border-color:#e0dede;\"><\/div><\/div><span class=\"awb-title-spacer\"><\/span><h2 class=\"fusion-title-heading title-heading-center\" style=\"margin:0;\">Mate\u0159sk\u00e1 \u0161kola<\/h2><span class=\"awb-title-spacer\"><\/span><div class=\"title-sep-container title-sep-container-right\"><div class=\"title-sep sep-double sep-solid\" style=\"border-color:#e0dede;\"><\/div><\/div><\/div><div class=\"fusion-clearfix\"><\/div><\/div><\/div><div class=\"fusion-layout-column fusion_builder_column fusion-builder-column-2 fusion_builder_column_1_4 1_4 fusion-one-fourth fusion-column-first\" style=\"--awb-bg-size:cover;width:25%;width:calc(25% - ( ( 4% + 4% + 4% ) * 0.25 ) );margin-right: 4%;\"><div class=\"fusion-column-wrapper fusion-flex-column-wrapper-legacy\"><a class=\"awb-lightbox awb-lightbox-1\" href=\"http:\/\/skolaklas.cz\/wp-content\/uploads\/2025\/10\/IMG_7757-1024x768.png\" data-rel=\"iLightbox\"><img decoding=\"async\" src=\"http:\/\/skolaklas.cz\/wp-content\/uploads\/2025\/10\/IMG_7757-1024x768.png\"><\/a><div class=\"fusion-clearfix\"><\/div><\/div><\/div><div class=\"fusion-layout-column fusion_builder_column fusion-builder-column-3 fusion_builder_column_1_4 1_4 fusion-one-fourth\" style=\"--awb-bg-size:cover;width:25%;width:calc(25% - ( ( 4% + 4% + 4% ) * 0.25 ) );margin-right: 4%;\"><div class=\"fusion-column-wrapper fusion-flex-column-wrapper-legacy\"><a class=\"awb-lightbox awb-lightbox-2\" href=\"http:\/\/skolaklas.cz\/wp-content\/uploads\/2025\/10\/IMG_7754-1024x768.png\" data-rel=\"iLightbox\"><img decoding=\"async\" src=\"http:\/\/skolaklas.cz\/wp-content\/uploads\/2025\/10\/IMG_7754-1024x768.png\"><\/a><div class=\"fusion-clearfix\"><\/div><\/div><\/div><div class=\"fusion-layout-column fusion_builder_column fusion-builder-column-4 fusion_builder_column_1_4 1_4 fusion-one-fourth\" style=\"--awb-bg-size:cover;width:25%;width:calc(25% - ( ( 4% + 4% + 4% ) * 0.25 ) );margin-right: 4%;\"><div class=\"fusion-column-wrapper fusion-flex-column-wrapper-legacy\"><a class=\"awb-lightbox awb-lightbox-3\" href=\"http:\/\/skolaklas.cz\/wp-content\/uploads\/2025\/10\/IMG_7755-1024x768.png\" data-rel=\"iLightbox\"><img decoding=\"async\" src=\"http:\/\/skolaklas.cz\/wp-content\/uploads\/2025\/10\/IMG_7755-1024x768.png\"><\/a><div class=\"fusion-clearfix\"><\/div><\/div><\/div><div class=\"fusion-layout-column fusion_builder_column fusion-builder-column-5 fusion_builder_column_1_4 1_4 fusion-one-fourth fusion-column-last\" style=\"--awb-bg-size:cover;width:25%;width:calc(25% - ( ( 4% + 4% + 4% ) * 0.25 ) );\"><div class=\"fusion-column-wrapper fusion-flex-column-wrapper-legacy\"><a class=\"awb-lightbox awb-lightbox-4\" href=\"http:\/\/skolaklas.cz\/wp-content\/uploads\/2025\/10\/IMG_7763-1024x768.png\" data-rel=\"iLightbox\"><img decoding=\"async\" src=\"http:\/\/skolaklas.cz\/wp-content\/uploads\/2025\/10\/IMG_7763-1024x768.png\"><\/a><div class=\"fusion-clearfix\"><\/div><\/div><\/div><div class=\"fusion-layout-column fusion_builder_column fusion-builder-column-6 fusion_builder_column_1_1 1_1 fusion-one-full fusion-column-first fusion-column-last\" style=\"--awb-bg-size:cover;\"><div class=\"fusion-column-wrapper fusion-flex-column-wrapper-legacy\"><div class=\"fusion-title title fusion-title-3 fusion-title-center fusion-title-text fusion-title-size-two\"><div class=\"title-sep-container title-sep-container-left\"><div class=\"title-sep sep-double sep-solid\" style=\"border-color:#e0dede;\"><\/div><\/div><span class=\"awb-title-spacer\"><\/span><h2 class=\"fusion-title-heading title-heading-center\" style=\"margin:0;\">Z\u0160 &#8211; prvn\u00ed stupe\u0148<\/h2><span class=\"awb-title-spacer\"><\/span><div class=\"title-sep-container title-sep-container-right\"><div class=\"title-sep sep-double sep-solid\" style=\"border-color:#e0dede;\"><\/div><\/div><\/div><div class=\"fusion-clearfix\"><\/div><\/div><\/div><div class=\"fusion-layout-column fusion_builder_column fusion-builder-column-7 fusion_builder_column_1_4 1_4 fusion-one-fourth fusion-column-first\" style=\"--awb-bg-size:cover;width:25%;width:calc(25% - ( ( 4% + 4% + 4% ) * 0.25 ) );margin-right: 4%;\"><div class=\"fusion-column-wrapper fusion-flex-column-wrapper-legacy\"><a class=\"awb-lightbox awb-lightbox-5\" data-title=\"1. t\u0159\u00edda\" title=\"1. t\u0159\u00edda\" href=\"http:\/\/skolaklas.cz\/wp-content\/uploads\/2025\/10\/IMG_7770-1024x768.png\" data-rel=\"iLightbox\"><img decoding=\"async\" src=\"http:\/\/skolaklas.cz\/wp-content\/uploads\/2025\/10\/IMG_7770-1024x768.png\"><\/a><div class=\"fusion-clearfix\"><\/div><\/div><\/div><div class=\"fusion-layout-column fusion_builder_column fusion-builder-column-8 fusion_builder_column_1_4 1_4 fusion-one-fourth\" style=\"--awb-bg-size:cover;width:25%;width:calc(25% - ( ( 4% + 4% + 4% ) * 0.25 ) );margin-right: 4%;\"><div class=\"fusion-column-wrapper fusion-flex-column-wrapper-legacy\"><a class=\"awb-lightbox awb-lightbox-6\" data-title=\"1. t\u0159\u00edda\" title=\"1. t\u0159\u00edda\" href=\"http:\/\/skolaklas.cz\/wp-content\/uploads\/2025\/10\/IMG_7772-1024x768.png\" data-rel=\"iLightbox\"><img decoding=\"async\" src=\"http:\/\/skolaklas.cz\/wp-content\/uploads\/2025\/10\/IMG_7772-1024x768.png\"><\/a><div class=\"fusion-clearfix\"><\/div><\/div><\/div><div class=\"fusion-layout-column fusion_builder_column fusion-builder-column-9 fusion_builder_column_1_4 1_4 fusion-one-fourth\" style=\"--awb-bg-size:cover;width:25%;width:calc(25% - ( ( 4% + 4% + 4% ) * 0.25 ) );margin-right: 4%;\"><div class=\"fusion-column-wrapper fusion-flex-column-wrapper-legacy\"><a class=\"awb-lightbox awb-lightbox-7\" data-title=\"2. t\u0159\u00edda\" title=\"2. t\u0159\u00edda\" href=\"http:\/\/skolaklas.cz\/wp-content\/uploads\/2025\/10\/IMG_7773-1024x768.png\" data-rel=\"iLightbox\"><img decoding=\"async\" src=\"http:\/\/skolaklas.cz\/wp-content\/uploads\/2025\/10\/IMG_7773-1024x768.png\"><\/a><div class=\"fusion-clearfix\"><\/div><\/div><\/div><div class=\"fusion-layout-column fusion_builder_column fusion-builder-column-10 fusion_builder_column_1_4 1_4 fusion-one-fourth fusion-column-last\" style=\"--awb-bg-size:cover;width:25%;width:calc(25% - ( ( 4% + 4% + 4% ) * 0.25 ) );\"><div class=\"fusion-column-wrapper fusion-flex-column-wrapper-legacy\"><a class=\"awb-lightbox awb-lightbox-8\" data-title=\"2. t\u0159\u00edda\" title=\"2. t\u0159\u00edda\" href=\"http:\/\/skolaklas.cz\/wp-content\/uploads\/2025\/10\/IMG_7774-1024x768.png\" data-rel=\"iLightbox\"><img decoding=\"async\" src=\"http:\/\/skolaklas.cz\/wp-content\/uploads\/2025\/10\/IMG_7774-1024x768.png\"><\/a><div class=\"fusion-clearfix\"><\/div><\/div><\/div><div class=\"fusion-layout-column fusion_builder_column fusion-builder-column-11 fusion_builder_column_1_4 1_4 fusion-one-fourth fusion-column-first\" style=\"--awb-bg-size:cover;width:25%;width:calc(25% - ( ( 4% + 4% + 4% ) * 0.25 ) );margin-right: 4%;\"><div class=\"fusion-column-wrapper fusion-flex-column-wrapper-legacy\"><a class=\"awb-lightbox awb-lightbox-9\" data-title=\"3. t\u0159\u00edda\" title=\"3. t\u0159\u00edda\" href=\"http:\/\/skolaklas.cz\/wp-content\/uploads\/2025\/10\/IMG_7782-1024x768.png\" data-rel=\"iLightbox\"><img decoding=\"async\" src=\"http:\/\/skolaklas.cz\/wp-content\/uploads\/2025\/10\/IMG_7782-1024x768.png\"><\/a><div class=\"fusion-clearfix\"><\/div><\/div><\/div><div class=\"fusion-layout-column fusion_builder_column fusion-builder-column-12 fusion_builder_column_1_4 1_4 fusion-one-fourth\" style=\"--awb-bg-size:cover;width:25%;width:calc(25% - ( ( 4% + 4% + 4% ) * 0.25 ) );margin-right: 4%;\"><div class=\"fusion-column-wrapper fusion-flex-column-wrapper-legacy\"><a class=\"awb-lightbox awb-lightbox-10\" data-title=\"3. t\u0159\u00edda\" title=\"3. t\u0159\u00edda\" href=\"http:\/\/skolaklas.cz\/wp-content\/uploads\/2025\/10\/IMG_7784-1024x768.png\" data-rel=\"iLightbox\"><img decoding=\"async\" src=\"http:\/\/skolaklas.cz\/wp-content\/uploads\/2025\/10\/IMG_7784-1024x768.png\"><\/a><div class=\"fusion-clearfix\"><\/div><\/div><\/div><div class=\"fusion-layout-column fusion_builder_column fusion-builder-column-13 fusion_builder_column_1_4 1_4 fusion-one-fourth\" style=\"--awb-bg-size:cover;width:25%;width:calc(25% - ( ( 4% + 4% + 4% ) * 0.25 ) );margin-right: 4%;\"><div class=\"fusion-column-wrapper fusion-flex-column-wrapper-legacy\"><a class=\"awb-lightbox awb-lightbox-11\" data-title=\"4. a 5. t\u0159\u00edda\" title=\"4. a 5. t\u0159\u00edda\" href=\"http:\/\/skolaklas.cz\/wp-content\/uploads\/2025\/10\/IMG_7776-1024x768.png\" data-rel=\"iLightbox\"><img decoding=\"async\" src=\"http:\/\/skolaklas.cz\/wp-content\/uploads\/2025\/10\/IMG_7776-1024x768.png\"><\/a><div class=\"fusion-clearfix\"><\/div><\/div><\/div><div class=\"fusion-layout-column fusion_builder_column fusion-builder-column-14 fusion_builder_column_1_4 1_4 fusion-one-fourth fusion-column-last\" style=\"--awb-bg-size:cover;width:25%;width:calc(25% - ( ( 4% + 4% + 4% ) * 0.25 ) );\"><div class=\"fusion-column-wrapper fusion-flex-column-wrapper-legacy\"><a class=\"awb-lightbox awb-lightbox-12\" data-title=\"4. a 5. t\u0159\u00edda\" title=\"4. a 5. t\u0159\u00edda\" href=\"http:\/\/skolaklas.cz\/wp-content\/uploads\/2025\/10\/IMG_7775-1024x768.png\" data-rel=\"iLightbox\"><img decoding=\"async\" src=\"http:\/\/skolaklas.cz\/wp-content\/uploads\/2025\/10\/IMG_7775-1024x768.png\"><\/a><div class=\"fusion-clearfix\"><\/div><\/div><\/div><div class=\"fusion-layout-column fusion_builder_column fusion-builder-column-15 fusion_builder_column_1_1 1_1 fusion-one-full fusion-column-first fusion-column-last\" style=\"--awb-bg-size:cover;\"><div class=\"fusion-column-wrapper fusion-flex-column-wrapper-legacy\"><div class=\"fusion-title title fusion-title-4 fusion-title-center fusion-title-text fusion-title-size-two\"><div class=\"title-sep-container title-sep-container-left\"><div class=\"title-sep sep-double sep-solid\" style=\"border-color:#e0dede;\"><\/div><\/div><span class=\"awb-title-spacer\"><\/span><h2 class=\"fusion-title-heading title-heading-center\" style=\"margin:0;\">Z\u0160 &#8211; druh\u00fd stupe\u0148<\/h2><span class=\"awb-title-spacer\"><\/span><div class=\"title-sep-container title-sep-container-right\"><div class=\"title-sep sep-double sep-solid\" style=\"border-color:#e0dede;\"><\/div><\/div><\/div><div class=\"fusion-clearfix\"><\/div><\/div><\/div><div class=\"fusion-layout-column fusion_builder_column fusion-builder-column-16 fusion_builder_column_1_4 1_4 fusion-one-fourth fusion-column-first\" style=\"--awb-bg-size:cover;width:25%;width:calc(25% - ( ( 4% + 4% + 4% ) * 0.25 ) );margin-right: 4%;\"><div class=\"fusion-column-wrapper fusion-flex-column-wrapper-legacy\"><a class=\"awb-lightbox awb-lightbox-13\" data-title=\"6. t\u0159\u00edda\" title=\"6. t\u0159\u00edda\" href=\"http:\/\/skolaklas.cz\/wp-content\/uploads\/2025\/10\/IMG_7765-1024x768.png\" data-rel=\"iLightbox\"><img decoding=\"async\" src=\"http:\/\/skolaklas.cz\/wp-content\/uploads\/2025\/10\/IMG_7765-1024x768.png\"><\/a><div class=\"fusion-clearfix\"><\/div><\/div><\/div><div class=\"fusion-layout-column fusion_builder_column fusion-builder-column-17 fusion_builder_column_1_4 1_4 fusion-one-fourth\" style=\"--awb-bg-size:cover;width:25%;width:calc(25% - ( ( 4% + 4% + 4% ) * 0.25 ) );margin-right: 4%;\"><div class=\"fusion-column-wrapper fusion-flex-column-wrapper-legacy\"><a class=\"awb-lightbox awb-lightbox-14\" data-title=\"7. a 8. t\u0159\u00edda\" title=\"7. a 8. t\u0159\u00edda\" href=\"http:\/\/skolaklas.cz\/wp-content\/uploads\/2025\/10\/IMG_7780-1024x768.png\" data-rel=\"iLightbox\"><img decoding=\"async\" src=\"http:\/\/skolaklas.cz\/wp-content\/uploads\/2025\/10\/IMG_7780-1024x768.png\"><\/a><div class=\"fusion-clearfix\"><\/div><\/div><\/div><div class=\"fusion-layout-column fusion_builder_column fusion-builder-column-18 fusion_builder_column_1_4 1_4 fusion-one-fourth\" style=\"--awb-bg-size:cover;width:25%;width:calc(25% - ( ( 4% + 4% + 4% ) * 0.25 ) );margin-right: 4%;\"><div class=\"fusion-column-wrapper fusion-flex-column-wrapper-legacy\"><a class=\"awb-lightbox awb-lightbox-15\" data-title=\"9. t\u0159\u00edda\" title=\"9. t\u0159\u00edda\" href=\"http:\/\/skolaklas.cz\/wp-content\/uploads\/2025\/10\/IMG_7778-1024x768.png\" data-rel=\"iLightbox\"><img decoding=\"async\" src=\"http:\/\/skolaklas.cz\/wp-content\/uploads\/2025\/10\/IMG_7778-1024x768.png\"><\/a><div class=\"fusion-clearfix\"><\/div><\/div><\/div><div class=\"fusion-layout-column fusion_builder_column fusion-builder-column-19 fusion_builder_column_1_4 1_4 fusion-one-fourth fusion-column-last\" style=\"--awb-bg-size:cover;width:25%;width:calc(25% - ( ( 4% + 4% + 4% ) * 0.25 ) );\"><div class=\"fusion-column-wrapper fusion-flex-column-wrapper-legacy\"><a class=\"awb-lightbox awb-lightbox-16\" data-title=\"9. t\u0159\u00edda\" title=\"9. t\u0159\u00edda\" href=\"http:\/\/skolaklas.cz\/wp-content\/uploads\/2025\/10\/IMG_7779-1024x768.png\" data-rel=\"iLightbox\"><img decoding=\"async\" src=\"http:\/\/skolaklas.cz\/wp-content\/uploads\/2025\/10\/IMG_7779-1024x768.png\"><\/a><div class=\"fusion-clearfix\"><\/div><\/div><\/div><div class=\"fusion-layout-column fusion_builder_column fusion-builder-column-20 fusion_builder_column_1_4 1_4 fusion-one-fourth fusion-column-first\" style=\"--awb-bg-size:cover;width:25%;width:calc(25% - ( ( 4% + 4% + 4% ) * 0.25 ) );margin-right: 4%;\"><div class=\"fusion-column-wrapper fusion-flex-column-wrapper-legacy\"><a class=\"awb-lightbox awb-lightbox-17\" data-title=\"T\u011blocvi\u010dna\" title=\"T\u011blocvi\u010dna\" href=\"http:\/\/skolaklas.cz\/wp-content\/uploads\/2025\/10\/IMG_7767-1-1024x768.png\" data-rel=\"iLightbox\"><img decoding=\"async\" src=\"http:\/\/skolaklas.cz\/wp-content\/uploads\/2025\/10\/IMG_7767-1-1024x768.png\"><\/a><div class=\"fusion-clearfix\"><\/div><\/div><\/div><div class=\"fusion-layout-column fusion_builder_column fusion-builder-column-21 fusion_builder_column_1_4 1_4 fusion-one-fourth\" style=\"--awb-bg-size:cover;width:25%;width:calc(25% - ( ( 4% + 4% + 4% ) * 0.25 ) );margin-right: 4%;\"><div class=\"fusion-column-wrapper fusion-flex-column-wrapper-legacy\"><a class=\"awb-lightbox awb-lightbox-18\" data-title=\"T\u011blocvi\u010dna\" title=\"T\u011blocvi\u010dna\" href=\"http:\/\/skolaklas.cz\/wp-content\/uploads\/2025\/10\/IMG_7766-1024x768.png\" data-rel=\"iLightbox\"><img decoding=\"async\" src=\"http:\/\/skolaklas.cz\/wp-content\/uploads\/2025\/10\/IMG_7766-1024x768.png\"><\/a><div class=\"fusion-clearfix\"><\/div><\/div><\/div><div class=\"fusion-layout-column fusion_builder_column fusion-builder-column-22 fusion_builder_column_1_4 1_4 fusion-one-fourth\" style=\"--awb-bg-size:cover;width:25%;width:calc(25% - ( ( 4% + 4% + 4% ) * 0.25 ) );margin-right: 4%;\"><div class=\"fusion-column-wrapper fusion-flex-column-wrapper-legacy\"><a class=\"awb-lightbox awb-lightbox-19\" data-title=\"J\u00eddelna\" title=\"J\u00eddelna\" href=\"http:\/\/skolaklas.cz\/wp-content\/uploads\/2025\/10\/IMG_7760-1024x768.png\" data-rel=\"iLightbox\"><img decoding=\"async\" src=\"http:\/\/skolaklas.cz\/wp-content\/uploads\/2025\/10\/IMG_7760-1024x768.png\"><\/a><div class=\"fusion-clearfix\"><\/div><\/div><\/div><div class=\"fusion-layout-column fusion_builder_column fusion-builder-column-23 fusion_builder_column_1_4 1_4 fusion-one-fourth fusion-column-last\" style=\"--awb-bg-size:cover;width:25%;width:calc(25% - ( ( 4% + 4% + 4% ) * 0.25 ) );\"><div class=\"fusion-column-wrapper fusion-flex-column-wrapper-legacy\"><a class=\"awb-lightbox awb-lightbox-20\" data-title=\"Piano\" title=\"Piano\" href=\"http:\/\/skolaklas.cz\/wp-content\/uploads\/2025\/10\/IMG_7771-1024x768.png\" data-rel=\"iLightbox\"><img decoding=\"async\" src=\"http:\/\/skolaklas.cz\/wp-content\/uploads\/2025\/10\/IMG_7771-1024x768.png\"><\/a><div class=\"fusion-clearfix\"><\/div><\/div><\/div><div class=\"fusion-layout-column fusion_builder_column fusion-builder-column-24 fusion_builder_column_1_1 1_1 fusion-one-full fusion-column-first fusion-column-last\" style=\"--awb-bg-size:cover;\"><div class=\"fusion-column-wrapper fusion-column-has-shadow fusion-flex-column-wrapper-legacy\"><div class=\"fusion-title title fusion-title-5 fusion-title-center fusion-title-text fusion-title-size-two\"><div class=\"title-sep-container title-sep-container-left\"><div class=\"title-sep sep-double sep-solid\" style=\"border-color:#e0dede;\"><\/div><\/div><span class=\"awb-title-spacer\"><\/span><h2 class=\"fusion-title-heading title-heading-center\" style=\"margin:0;\">Venkovn\u00ed prostory<\/h2><span class=\"awb-title-spacer\"><\/span><div class=\"title-sep-container title-sep-container-right\"><div class=\"title-sep sep-double sep-solid\" style=\"border-color:#e0dede;\"><\/div><\/div><\/div><div class=\"fusion-clearfix\"><\/div><\/div><\/div><div class=\"fusion-layout-column fusion_builder_column fusion-builder-column-25 fusion_builder_column_1_4 1_4 fusion-one-fourth fusion-column-first\" style=\"--awb-bg-size:cover;width:25%;width:calc(25% - ( ( 4% + 4% + 4% ) * 0.25 ) );margin-right: 4%;\"><div class=\"fusion-column-wrapper fusion-column-has-shadow fusion-flex-column-wrapper-legacy\"><a class=\"awb-lightbox awb-lightbox-21\" href=\"http:\/\/skolaklas.cz\/wp-content\/uploads\/2025\/10\/IMG_7749-1024x768.png\" data-rel=\"iLightbox\"><img decoding=\"async\" src=\"http:\/\/skolaklas.cz\/wp-content\/uploads\/2025\/10\/IMG_7749-1024x768.png\"><\/a><div class=\"fusion-clearfix\"><\/div><\/div><\/div><div class=\"fusion-layout-column fusion_builder_column fusion-builder-column-26 fusion_builder_column_1_4 1_4 fusion-one-fourth\" style=\"--awb-bg-size:cover;width:25%;width:calc(25% - ( ( 4% + 4% + 4% ) * 0.25 ) );margin-right: 4%;\"><div class=\"fusion-column-wrapper fusion-column-has-shadow fusion-flex-column-wrapper-legacy\"><a class=\"awb-lightbox awb-lightbox-22\" href=\"http:\/\/skolaklas.cz\/wp-content\/uploads\/2025\/10\/IMG_7750-1024x768.png\" data-rel=\"iLightbox\"><img decoding=\"async\" src=\"http:\/\/skolaklas.cz\/wp-content\/uploads\/2025\/10\/IMG_7750-1024x768.png\"><\/a><div class=\"fusion-clearfix\"><\/div><\/div><\/div><div class=\"fusion-layout-column fusion_builder_column fusion-builder-column-27 fusion_builder_column_1_4 1_4 fusion-one-fourth\" style=\"--awb-bg-size:cover;width:25%;width:calc(25% - ( ( 4% + 4% + 4% ) * 0.25 ) );margin-right: 4%;\"><div class=\"fusion-column-wrapper fusion-column-has-shadow fusion-flex-column-wrapper-legacy\"><a class=\"awb-lightbox awb-lightbox-23\" href=\"http:\/\/skolaklas.cz\/wp-content\/uploads\/2025\/10\/IMG_7752-1024x768.png\" data-rel=\"iLightbox\"><img decoding=\"async\" src=\"http:\/\/skolaklas.cz\/wp-content\/uploads\/2025\/10\/IMG_7752-1024x768.png\"><\/a><div class=\"fusion-clearfix\"><\/div><\/div><\/div><div class=\"fusion-layout-column fusion_builder_column fusion-builder-column-28 fusion_builder_column_1_4 1_4 fusion-one-fourth fusion-column-last\" style=\"--awb-bg-size:cover;width:25%;width:calc(25% - ( ( 4% + 4% + 4% ) * 0.25 ) );\"><div class=\"fusion-column-wrapper fusion-column-has-shadow fusion-flex-column-wrapper-legacy\"><a class=\"awb-lightbox awb-lightbox-24\" href=\"http:\/\/skolaklas.cz\/wp-content\/uploads\/2025\/10\/IMG_7751-1024x768.png\" data-rel=\"iLightbox\"><img decoding=\"async\" src=\"http:\/\/skolaklas.cz\/wp-content\/uploads\/2025\/10\/IMG_7751-1024x768.png\"><\/a><div class=\"fusion-clearfix\"><\/div><\/div><\/div><\/div><\/div>\n","protected":false},"excerpt":{"rendered":"","protected":false},"author":2,"featured_media":0,"parent":0,"menu_order":0,"comment_status":"closed","ping_status":"closed","template":"","meta":{"footnotes":""},"class_list":["post-141","page","type-page","status-publish","hentry"],"_links":{"self":[{"href":"https:\/\/skolaklas.cz\/index.php?rest_route=\/wp\/v2\/pages\/141","targetHints":{"allow":["GET"]}}],"collection":[{"href":"https:\/\/skolaklas.cz\/index.php?rest_route=\/wp\/v2\/pages"}],"about":[{"href":"https:\/\/skolaklas.cz\/index.php?rest_route=\/wp\/v2\/types\/page"}],"author":[{"embeddable":true,"href":"https:\/\/skolaklas.cz\/index.php?rest_route=\/wp\/v2\/users\/2"}],"replies":[{"embeddable":true,"href":"https:\/\/skolaklas.cz\/index.php?rest_route=%2Fwp%2Fv2%2Fcomments&post=141"}],"version-history":[{"count":22,"href":"https:\/\/skolaklas.cz\/index.php?rest_route=\/wp\/v2\/pages\/141\/revisions"}],"predecessor-version":[{"id":3165,"href":"https:\/\/skolaklas.cz\/index.php?rest_route=\/wp\/v2\/pages\/141\/revisions\/3165"}],"wp:attachment":[{"href":"https:\/\/skolaklas.cz\/index.php?rest_route=%2Fwp%2Fv2%2Fmedia&parent=141"}],"curies":[{"name":"wp","href":"https:\/\/api.w.org\/{rel}","templated":true}]}}