{"id":17,"date":"2017-06-21T08:14:17","date_gmt":"2017-06-21T08:14:17","guid":{"rendered":"http:\/\/skolaklas.cz\/?page_id=17"},"modified":"2026-01-08T13:42:33","modified_gmt":"2026-01-08T13:42:33","slug":"skola-a-skolka","status":"publish","type":"page","link":"https:\/\/skolaklas.cz\/?page_id=17","title":{"rendered":"Z\u00e1kladn\u00ed \u0161kola"},"content":{"rendered":"<div class=\"fusion-fullwidth fullwidth-box fusion-builder-row-1 fusion-flex-container has-pattern-background has-mask-background nonhundred-percent-fullwidth non-hundred-percent-height-scrolling\" style=\"--awb-border-radius-top-left:0px;--awb-border-radius-top-right:0px;--awb-border-radius-bottom-right:0px;--awb-border-radius-bottom-left:0px;--awb-flex-wrap:wrap;\" ><div class=\"fusion-builder-row fusion-row fusion-flex-align-items-flex-start fusion-flex-content-wrap\" style=\"max-width:1144px;margin-left: calc(-4% \/ 2 );margin-right: calc(-4% \/ 2 );\"><div class=\"fusion-layout-column fusion_builder_column fusion-builder-column-0 fusion_builder_column_1_4 1_4 fusion-flex-column\" style=\"--awb-bg-size:cover;--awb-width-large:25%;--awb-margin-top-large:0px;--awb-spacing-right-large:7.68%;--awb-margin-bottom-large:20px;--awb-spacing-left-large:7.68%;--awb-width-medium:100%;--awb-order-medium:0;--awb-spacing-right-medium:1.92%;--awb-spacing-left-medium:1.92%;--awb-width-small:100%;--awb-order-small:0;--awb-spacing-right-small:1.92%;--awb-spacing-left-small:1.92%;\"><div class=\"fusion-column-wrapper fusion-column-has-shadow fusion-flex-justify-content-flex-start fusion-content-layout-column\"><\/div><\/div><div class=\"fusion-layout-column fusion_builder_column fusion-builder-column-1 fusion_builder_column_3_4 3_4 fusion-flex-column\" style=\"--awb-bg-size:cover;--awb-width-large:75%;--awb-margin-top-large:0px;--awb-spacing-right-large:2.56%;--awb-margin-bottom-large:20px;--awb-spacing-left-large:2.56%;--awb-width-medium:100%;--awb-order-medium:0;--awb-spacing-right-medium:1.92%;--awb-spacing-left-medium:1.92%;--awb-width-small:100%;--awb-order-small:0;--awb-spacing-right-small:1.92%;--awb-spacing-left-small:1.92%;\"><div class=\"fusion-column-wrapper fusion-column-has-shadow fusion-flex-justify-content-flex-start fusion-content-layout-column\"><div class=\"fusion-text fusion-text-1\"><h2><strong>O \u0161kole<\/strong><\/h2>\n<p>\u0160kola Klas byla zaps\u00e1na do rejst\u0159\u00edku \u0161kol u\u017e v roce 2006 a pat\u0159\u00ed k soukrom\u00fdm \u0161kol\u00e1m s nejdel\u0161\u00ed tradic\u00ed v regionu. Jedn\u00e1 se o bilingvn\u00ed \u0161kolu s roz\u0161\u00ed\u0159enou multikulturn\u00ed v\u00fdchovou. Komunika\u010dn\u00edmi jazyky jsou \u010de\u0161tina, angli\u010dtina a \u0161pan\u011bl\u0161tina.<\/p>\n<p>Z\u0160 Klas je \u00fapln\u00e1 z\u00e1kladn\u00ed \u0161kola s I.\u2013IX. ro\u010dn\u00edkem, ka\u017ed\u00fd rok otev\u00edr\u00e1me pouze jeden prvn\u00ed ro\u010dn\u00edk. V ro\u010dn\u00edku je v\u017edy maxim\u00e1ln\u011b 15 \u017e\u00e1k\u016f, po\u010det \u017e\u00e1k\u016f v cel\u00e9 \u0161kole se pohybuje kolem 80-90. Z\u00e1pisy do I. t\u0159\u00edd prob\u00edhaj\u00ed v obdob\u00ed leden\/\u00fanor; p\u0159estupy z jin\u00fdch \u0161kol \u0159e\u0161\u00edme kdykoli b\u011bhem \u0161koln\u00edho roku a v\u017edy individu\u00e1ln\u011b.<\/p>\n<p>M\u0160 Klas je bilingvn\u00ed mate\u0159sk\u00e1 \u0161kolka s celodenn\u00ed komunikac\u00ed v \u010de\u0161tin\u011b a angli\u010dtin\u011b. M\u0160 je d\u011blena na dv\u011b t\u0159\u00eddy po cca 15 d\u011btech, ka\u017edou skupinu vedou dva pedagogi\u010dt\u00ed pracovn\u00edci.<\/p>\n<p>Sou\u010d\u00e1st\u00ed \u0161koly je \u0161koln\u00ed dru\u017eina prioritn\u011b pro \u017e\u00e1ky z I.-V. t\u0159\u00eddy.<\/p>\n<p>\u0160koln\u00ed j\u00eddelna-v\u00fddejna nab\u00edz\u00ed denn\u011b v\u00fdb\u011br ze dvou j\u00eddel &#8211; masov\u00e9ho a vegetari\u00e1nsk\u00e9ho ob\u011bda. Zvl\u00e1d\u00e1me se p\u0159izp\u016fsobit i r\u016fzn\u00fdm dietn\u00edm omezen\u00edm.<\/p>\n<h3><!-- notionvc: 81826c6f-acb8-4150-849a-2c398da35f17 --><\/h3>\n<h3><span class=\"notion-enable-hover\" data-token-index=\"0\">Hodnoty \u0161koly<\/span><!-- notionvc: de4e4925-4635-4535-9979-97b5d2d3dab9 --><\/h3>\n<h3><strong>\u017dijeme multikulturu!<\/strong><\/h3>\n<p>Na\u0161i \u017e\u00e1ci se p\u0159irozen\u011b setk\u00e1vaj\u00ed s lidmi r\u016fzn\u00fdch n\u00e1rodnost\u00ed, kultur a \u017eivotn\u00edch zku\u0161enost\u00ed a u\u010d\u00ed se vz\u00e1jemn\u00e9mu respektu a uzn\u00e1n\u00ed. Komunitu \u0161koly tvo\u0159\u00ed \u017e\u00e1ci, rodi\u010de a u\u010ditel\u00e9 z cel\u00e9ho sv\u011bta a ve v\u00fduce p\u0159ihl\u00ed\u017e\u00edme k tomu, odkud \u017e\u00e1k p\u0159ich\u00e1z\u00ed a jak\u00e9 m\u00e1 pot\u0159eby.<\/p>\n<p>Ka\u017ed\u00fd rok p\u0159ipravujeme v\u00fdjezdy do zahrani\u010d\u00ed, po\u0159\u00e1d\u00e1me multikulturn\u00ed dny, vz\u00e1jemn\u011b se obohacujeme.<\/p>\n<h3><!-- notionvc: 71943a43-cbd9-4735-98df-46d0628991bc --><\/h3>\n<h3><strong>Mysl\u00edme a komunikujeme bilingvn\u011b<\/strong><\/h3>\n<p>\u010c\u00e1st v\u00fduky prob\u00edh\u00e1 \u010desky, \u010d\u00e1st anglicky. Ka\u017ed\u00fd u\u010ditel se domluv\u00ed dv\u011bma jazyky.<\/p>\n<p>\u017d\u00e1ci od n\u00e1s v 9. ro\u010dn\u00edku odch\u00e1zej\u00ed s pr\u016fm\u011brnou znalost\u00ed angli\u010dtiny na \u00farovni B1.<\/p>\n<p>B\u011bhem studia maj\u00ed mo\u017enost skl\u00e1dat jazykov\u00e9 zkou\u0161ky a \u00fa\u010dastnit se jazykov\u00fdch sout\u011b\u017e\u00ed.<\/p>\n<h3><!-- notionvc: d538791a-39a4-4dd3-a7fa-2323e76ed367 --><\/h3>\n<h3><strong>Individualizujeme v\u00fduku<\/strong><\/h3>\n<p>T\u0159\u00eddn\u00ed kolektivy maj\u00ed max. 15 \u017e\u00e1k\u016f, to n\u00e1m umo\u017e\u0148uje hledat cesty, jak efektivn\u011b u\u010dit ka\u017ed\u00e9 jednotliv\u00e9 d\u00edt\u011b &#8211; jak \u017e\u00e1ky nadan\u00e9, tak i ty se speci\u00e1ln\u00edmi vzd\u011bl\u00e1vac\u00edmi pot\u0159ebami.<\/p>\n<p>Zohled\u0148ujeme to i v hodnocen\u00ed &#8211; hodnot\u00edme slovn\u011b, nastavujeme krit\u00e9ria, hodnot\u00edme pokrok \u017e\u00e1ka a jeho aktivitu, hodnocen\u00ed vztahujeme k v\u00fdchoz\u00ed \u00farovni \u017e\u00e1ka.<\/p>\n<h3><!-- notionvc: d5e72815-2c14-4fa5-b39c-7c87724a7cda --><\/h3>\n<h3><strong>U\u010d\u00edme se v bezpe\u010dn\u00e9m prost\u0159ed\u00ed<\/strong><\/h3>\n<p>Zaj\u00edm\u00e1 n\u00e1s, jak\u00e9 maj\u00ed d\u011bti mezi sebou vztahy, a c\u00edlen\u011b o n\u011b pe\u010dujeme. U\u010d\u00edme se, jak vypad\u00e1 zdrav\u00e1 nezra\u0148uj\u00edc\u00ed komunikace. \u017d\u00e1ci maj\u00ed t\u00fddn\u011b hodinu t\u0159\u00eddn\u00edho sn\u011bmu, d\u016fle\u017eit\u00e1 rozhodnut\u00ed d\u011bl\u00e1me na \u0161koln\u00edm sn\u011bmu. Sou\u010d\u00e1st\u00ed povinn\u00e9 v\u00fduky jsou pobytov\u00e9 akce &#8211; adapta\u010dn\u00ed t\u00fdden a \u0161kola v p\u0159\u00edrod\u011b, kde aktivn\u011b budujeme klima t\u0159\u00eddy a \u0161koly.<!-- notionvc: 33f0a088-a60f-4b05-ad88-0e3cf0823c37 --><\/p>\n<h3><strong>U\u010d\u00edme (se) kompetence pro budoucnost<\/strong><\/h3>\n<p>U\u010d\u00edme anglicky, \u0161pan\u011blsky, \u010desky, matematiku s Hejn\u00fdm, p\u0159\u00edrodov\u011bdu v p\u0159\u00edrod\u011b, fyziku na vlastn\u00ed k\u016f\u017ei. Pracujeme rukama i digit\u00e1ln\u011b, projektov\u011b, z\u00e1\u017eitkov\u011b, na exkurz\u00edch, na st\u00e1\u017e\u00edch.<\/p>\n<p>U\u010d\u00edme, jak se u\u010dit, jak si pl\u00e1novat \u00fakoly, jak pracovat v t\u00fdmu, jak prezentovat p\u0159ed publikem, jak hledat informace, jak kriticky myslet, jak si usnadnit pr\u00e1ci s AI, ale i jak b\u00fdt aktivn\u00edm ob\u010danem a jak pom\u00e1hat pot\u0159ebn\u00fdm.<\/p>\n<p><!-- notionvc: 3cc45cf0-32e7-4433-80c8-9ca3b818cb67 --><\/p>\n<\/div><\/div><\/div><\/div><\/div>\n","protected":false},"excerpt":{"rendered":"","protected":false},"author":2,"featured_media":0,"parent":0,"menu_order":0,"comment_status":"closed","ping_status":"closed","template":"100-width.php","meta":{"footnotes":""},"class_list":["post-17","page","type-page","status-publish","hentry"],"_links":{"self":[{"href":"https:\/\/skolaklas.cz\/index.php?rest_route=\/wp\/v2\/pages\/17","targetHints":{"allow":["GET"]}}],"collection":[{"href":"https:\/\/skolaklas.cz\/index.php?rest_route=\/wp\/v2\/pages"}],"about":[{"href":"https:\/\/skolaklas.cz\/index.php?rest_route=\/wp\/v2\/types\/page"}],"author":[{"embeddable":true,"href":"https:\/\/skolaklas.cz\/index.php?rest_route=\/wp\/v2\/users\/2"}],"replies":[{"embeddable":true,"href":"https:\/\/skolaklas.cz\/index.php?rest_route=%2Fwp%2Fv2%2Fcomments&post=17"}],"version-history":[{"count":7,"href":"https:\/\/skolaklas.cz\/index.php?rest_route=\/wp\/v2\/pages\/17\/revisions"}],"predecessor-version":[{"id":3168,"href":"https:\/\/skolaklas.cz\/index.php?rest_route=\/wp\/v2\/pages\/17\/revisions\/3168"}],"wp:attachment":[{"href":"https:\/\/skolaklas.cz\/index.php?rest_route=%2Fwp%2Fv2%2Fmedia&parent=17"}],"curies":[{"name":"wp","href":"https:\/\/api.w.org\/{rel}","templated":true}]}}