{"id":2022,"date":"2021-09-30T10:59:45","date_gmt":"2021-09-30T10:59:45","guid":{"rendered":"http:\/\/skolaklas.cz\/?page_id=2022"},"modified":"2021-09-30T11:08:46","modified_gmt":"2021-09-30T11:08:46","slug":"2022-2","status":"publish","type":"page","link":"https:\/\/skolaklas.cz\/?page_id=2022","title":{"rendered":"\u0160kolsk\u00e1 rada"},"content":{"rendered":"<div class=\"fusion-fullwidth fullwidth-box fusion-builder-row-1 nonhundred-percent-fullwidth non-hundred-percent-height-scrolling\" style=\"--awb-border-radius-top-left:0px;--awb-border-radius-top-right:0px;--awb-border-radius-bottom-right:0px;--awb-border-radius-bottom-left:0px;--awb-flex-wrap:wrap;\" ><div class=\"fusion-builder-row fusion-row\"><div class=\"fusion-layout-column fusion_builder_column fusion-builder-column-0 fusion_builder_column_1_1 1_1 fusion-one-full fusion-column-first fusion-column-last\" style=\"--awb-bg-size:cover;\"><div class=\"fusion-column-wrapper fusion-column-has-shadow fusion-flex-column-wrapper-legacy\"><div class=\"fusion-text fusion-text-1\"><p><b>\u0160kolsk\u00e1 rada<\/b><\/p>\n<p><span style=\"font-weight: 400;\">\u0160kolsk\u00e1 rada Z\u0160 a M\u0160 Klas je org\u00e1n \u0161koly, kter\u00fd umo\u017e\u0148uje z\u00e1konn\u00fdm z\u00e1stupc\u016fm nezletil\u00fdch \u017e\u00e1k\u016f a d\u011bt\u00ed, pedagogick\u00fdm pracovn\u00edk\u016fm \u0161koly, z\u0159izovateli a dal\u0161\u00edm osob\u00e1m pod\u00edlet se na spr\u00e1v\u011b \u0161koly \u2013 na jednotliv\u00e9 \u010dleny se m\u016f\u017eete obracet s\u00a0podn\u011bty ke zm\u011bn\u00e1m v\u00a0chodu \u0161koly. \u0160kolsk\u00e1 rada je z\u0159\u00edzena podle \u00a7 167 \u0161kolsk\u00e9ho z\u00e1kona a m\u00e1 6 \u010dlen\u016f, od z\u00e1\u0159\u00ed 2021 zased\u00e1 v\u00a0tomto slo\u017een\u00ed:<\/span><\/p>\n<p><b>Jana Rule<\/b><span style=\"font-weight: 400;\"> (zvolena za z\u00e1konn\u00e9 z\u00e1stupce) \u2013 kontakt: <\/span><a href=\"mailto:jana@cci.cz\"><span style=\"font-weight: 400;\">jana@cci.cz<\/span><\/a><span style=\"font-weight: 400;\">, 605\u00a0456 603<\/span><\/p>\n<p><b>Michal B\u00edza<\/b><span style=\"font-weight: 400;\"> (zvolen za z\u00e1konn\u00e9 z\u00e1stupce) \u2013 kontakt: <\/span><a href=\"mailto:michalbiza@gmail.com\"><span style=\"font-weight: 400;\">michalbiza@gmail.com<\/span><\/a><span style=\"font-weight: 400;\">, 775\u00a0041 479<\/span><\/p>\n<p><b>Kate\u0159ina \u010cervinkov\u00e1 Hou\u0161kov\u00e1 <\/b><span style=\"font-weight: 400;\">(zvolena za pedagogick\u00e9 pracovn\u00edky) \u2013 kontakt: <\/span><a href=\"mailto:katerina.cervinkova@skolaklas.cz\"><span style=\"font-weight: 400;\">katerina.cervinkova@skolaklas.cz<\/span><\/a><span style=\"font-weight: 400;\">\u00a0<\/span><\/p>\n<p><b>Alena Jir\u00e1skov\u00e1<\/b><span style=\"font-weight: 400;\"> (zvolena za pedagogick\u00e9 pracovn\u00edky) \u2013 kontakt: <\/span><a href=\"mailto:alena.jiraskova@skolaklas.cz\"><span style=\"font-weight: 400;\">alena.jiraskova@skolaklas.cz<\/span><\/a><span style=\"font-weight: 400;\">\u00a0<\/span><\/p>\n<p><b>Kl\u00e1ra Svobodov\u00e1<\/b><span style=\"font-weight: 400;\"> (jmenov\u00e1na z\u0159izovatelem) \u2013 kontakt: <\/span><a href=\"mailto:info@skolaklas.cz\"><span style=\"font-weight: 400;\">info@skolaklas.cz<\/span><\/a><span style=\"font-weight: 400;\">\u00a0<\/span><\/p>\n<p><b>Tom\u00e1\u0161 Kov\u00e1\u010d<\/b><span style=\"font-weight: 400;\"> (jmenov\u00e1n z\u0159izovatelem) \u2013 kontakt: <\/span><a href=\"mailto:tomas.kovac@skolaklas.cz\"><span style=\"font-weight: 400;\">tomas.kovac@skolaklas.cz<\/span><\/a><span style=\"font-weight: 400;\">\u00a0<\/span><\/p>\n<p><b>Dokumenty \u0161kolsk\u00e9 rady<\/b><\/p>\n<ul>\n<li style=\"font-weight: 400;\" aria-level=\"1\"><a href=\"http:\/\/skolaklas.cz\/wp-content\/uploads\/2021\/09\/2021-08-20_Z\u0159izovac\u00ed-listina.pdf\" target=\"_blank\" rel=\"noopener noreferrer\">z\u0159izovac\u00ed listina<\/a><\/li>\n<li style=\"font-weight: 400;\" aria-level=\"1\"><a href=\"http:\/\/skolaklas.cz\/wp-content\/uploads\/2021\/09\/2007-09-01_Jednac\u00ed-\u0159\u00e1d-003.pdf\" target=\"_blank\" rel=\"noopener noreferrer\">jednac\u00ed \u0159\u00e1d<\/a><\/li>\n<li style=\"font-weight: 400;\" aria-level=\"1\"><a href=\"http:\/\/skolaklas.cz\/wp-content\/uploads\/2021\/09\/2021-08-20_Volebn\u00ed-\u0159\u00e1d-003.pdf\" target=\"_blank\" rel=\"noopener noreferrer\">volebn\u00ed \u0159\u00e1d<\/a><\/li>\n<li style=\"font-weight: 400;\" aria-level=\"1\"><span style=\"font-weight: 400;\">z\u00e1pisy z\u00a0jedn\u00e1n\u00ed \u0161kolsk\u00e9 rady:<\/span>\n<ul>\n<li style=\"font-weight: 400;\" aria-level=\"2\"><a href=\"http:\/\/skolaklas.cz\/wp-content\/uploads\/2021\/09\/2021-09-29_zapis-z-jednani\u0160R.pdf\" target=\"_blank\" rel=\"noopener noreferrer\">29. z\u00e1\u0159\u00ed 2021<\/a><\/li>\n<\/ul>\n<\/li>\n<\/ul>\n<\/div><div class=\"fusion-clearfix\"><\/div><\/div><\/div><\/div><\/div>\n","protected":false},"excerpt":{"rendered":"","protected":false},"author":2,"featured_media":0,"parent":17,"menu_order":0,"comment_status":"closed","ping_status":"closed","template":"","meta":{"footnotes":""},"class_list":["post-2022","page","type-page","status-publish","hentry"],"_links":{"self":[{"href":"https:\/\/skolaklas.cz\/index.php?rest_route=\/wp\/v2\/pages\/2022","targetHints":{"allow":["GET"]}}],"collection":[{"href":"https:\/\/skolaklas.cz\/index.php?rest_route=\/wp\/v2\/pages"}],"about":[{"href":"https:\/\/skolaklas.cz\/index.php?rest_route=\/wp\/v2\/types\/page"}],"author":[{"embeddable":true,"href":"https:\/\/skolaklas.cz\/index.php?rest_route=\/wp\/v2\/users\/2"}],"replies":[{"embeddable":true,"href":"https:\/\/skolaklas.cz\/index.php?rest_route=%2Fwp%2Fv2%2Fcomments&post=2022"}],"version-history":[{"count":4,"href":"https:\/\/skolaklas.cz\/index.php?rest_route=\/wp\/v2\/pages\/2022\/revisions"}],"predecessor-version":[{"id":2032,"href":"https:\/\/skolaklas.cz\/index.php?rest_route=\/wp\/v2\/pages\/2022\/revisions\/2032"}],"up":[{"embeddable":true,"href":"https:\/\/skolaklas.cz\/index.php?rest_route=\/wp\/v2\/pages\/17"}],"wp:attachment":[{"href":"https:\/\/skolaklas.cz\/index.php?rest_route=%2Fwp%2Fv2%2Fmedia&parent=2022"}],"curies":[{"name":"wp","href":"https:\/\/api.w.org\/{rel}","templated":true}]}}