{"id":2490,"date":"2024-01-31T12:01:34","date_gmt":"2024-01-31T12:01:34","guid":{"rendered":"http:\/\/skolaklas.cz\/?page_id=2490"},"modified":"2025-11-06T21:40:03","modified_gmt":"2025-11-06T21:40:03","slug":"jak-do-zs-klas","status":"publish","type":"page","link":"https:\/\/skolaklas.cz\/?page_id=2490","title":{"rendered":"Jak k n\u00e1m"},"content":{"rendered":"<div class=\"fusion-fullwidth fullwidth-box fusion-builder-row-1 nonhundred-percent-fullwidth non-hundred-percent-height-scrolling\" style=\"--awb-border-radius-top-left:0px;--awb-border-radius-top-right:0px;--awb-border-radius-bottom-right:0px;--awb-border-radius-bottom-left:0px;--awb-flex-wrap:wrap;\" ><div class=\"fusion-builder-row fusion-row\"><div class=\"fusion-layout-column fusion_builder_column fusion-builder-column-0 fusion_builder_column_1_1 1_1 fusion-one-full fusion-column-first fusion-column-last\" style=\"--awb-bg-size:cover;\"><div class=\"fusion-column-wrapper fusion-column-has-shadow fusion-flex-column-wrapper-legacy\"><div class=\"fusion-text fusion-text-1\"><h2><strong>Z\u00e1pisy do 1. t\u0159\u00eddy<\/strong><\/h2>\n<p>&#8211; pro d\u011bti, kter\u00e9 od z\u00e1\u0159\u00ed n\u00e1sleduj\u00edc\u00edho roku zah\u00e1j\u00ed povinnou \u0161koln\u00ed doch\u00e1zku<br \/>\n&#8211; z\u00e1pisy prob\u00edhaj\u00ed ka\u017ed\u00fd rok v\u00a0dubnu<br \/>\n&#8211; informace k aktu\u00e1ln\u00edmu z\u00e1pisu a krit\u00e9ria pro p\u0159ij\u00edm\u00e1n\u00ed jsou zve\u0159ej\u0148ov\u00e1na na webu \u0161koly v\u00a0obdob\u00ed \u00fanor-b\u0159ezen<br \/>\n&#8211; co je k z\u00e1pisu pot\u0159eba:<\/p>\n<ul>\n<li>vypln\u011bn\u00e1 online p\u0159ihl\u00e1\u0161ka<\/li>\n<li>rodn\u00fd list d\u00edt\u011bte, u cizinc\u016f doklad toto\u017enosti (pas)<\/li>\n<li>doklady z pedagogicko-psychologick\u00e9 poradny \u2013 nutn\u00e9 minim\u00e1ln\u011b p\u0159i \u017e\u00e1dosti o odklad a p\u0159i p\u0159ed\u010dasn\u00e9m n\u00e1stupu, v\u00fdsledky r\u016fzn\u00fdch vy\u0161et\u0159en\u00ed ale v\u00edt\u00e1me obecn\u011b, abychom se mohli na vzd\u011bl\u00e1v\u00e1n\u00ed va\u0161eho d\u00edt\u011bte dob\u0159e p\u0159ipravit<\/li>\n<\/ul>\n<\/div><div class=\"fusion-sep-clear\"><\/div><div class=\"fusion-separator fusion-full-width-sep\" style=\"margin-left: auto;margin-right: auto;margin-top:10px;margin-bottom:10px;width:100%;\"><\/div><div class=\"fusion-sep-clear\"><\/div><div class=\"fusion-alignleft\"><a class=\"fusion-button button-flat button-medium button-default fusion-button-default button-1 fusion-button-span-no fusion-button-default-type\" target=\"_blank\" rel=\"noopener noreferrer\" href=\"http:\/\/skolaklas.cz\/?page_id=2502\"><span class=\"fusion-button-text awb-button__text awb-button__text--default\">Z\u00e1pisy do 1. t\u0159\u00eddy Z\u0160 \u0161k. rok 2026\/27<\/span><\/a><\/div><div class=\"fusion-sep-clear\"><\/div><div class=\"fusion-separator fusion-full-width-sep\" style=\"margin-left: auto;margin-right: auto;margin-top:10px;margin-bottom:10px;width:100%;\"><\/div><div class=\"fusion-sep-clear\"><\/div><div class=\"fusion-text fusion-text-2\"><h2><strong>P\u0159estup do vy\u0161\u0161\u00edch ro\u010dn\u00edk\u016f<\/strong><\/h2>\n<p>&#8211; pro d\u011bti, kter\u00e9 u\u017e nav\u0161t\u011bvuj\u00ed jinou z\u00e1kladn\u00ed \u0161kolu, ale r\u00e1dy by se vzd\u011bl\u00e1valy v\u00a0Klasu<br \/>\n&#8211; prim\u00e1rn\u011b k p\u0159estupu p\u0159ij\u00edm\u00e1me \u017e\u00e1ky 1. stupn\u011b, star\u0161\u00ed \u017e\u00e1ky jen v od\u016fvodn\u011bn\u00fdch p\u0159\u00edpadech<br \/>\n&#8211; p\u0159ed p\u0159estupem je nutn\u00e1 sch\u016fzka s veden\u00edm \u0161koly, na kter\u00e9 hovo\u0159\u00edme o p\u0159edstav\u00e1ch rodiny o v\u00fdchov\u011b a vzd\u011bl\u00e1v\u00e1n\u00ed a o tom, co m\u016f\u017ee nab\u00eddnout Klas<br \/>\n&#8211; podm\u00ednkou pro p\u0159estup je tzv. zku\u0161ebn\u00ed t\u00fdden<\/p>\n<ul>\n<li>\u017e\u00e1k si na t\u00fdden vyzkou\u0161\u00ed v\u00fduku v Klasu, sezn\u00e1m\u00ed se s kolektivem t\u0159\u00eddy a s u\u010diteli<\/li>\n<li>po t\u00fddnu rodina, \u017e\u00e1k a \u0161kola vyhodnot\u00ed, nakolik byla napln\u011bna o\u010dek\u00e1v\u00e1n\u00ed v\u0161ech stran<\/li>\n<li>p\u0159i vz\u00e1jemn\u00e9m souhlasu vyd\u00e1 \u0159editelka \u0161koly rozhodnut\u00ed o p\u0159estupu a \u017e\u00e1k se st\u00e1v\u00e1 \u017e\u00e1kem Klasu<\/li>\n<\/ul>\n<\/div><div class=\"fusion-sep-clear\"><\/div><div class=\"fusion-separator fusion-full-width-sep\" style=\"margin-left: auto;margin-right: auto;margin-top:10px;margin-bottom:10px;width:100%;\"><\/div><div class=\"fusion-sep-clear\"><\/div><div class=\"fusion-alignleft\"><a class=\"fusion-button button-flat button-medium button-default fusion-button-default button-2 fusion-button-span-no fusion-button-default-type\" target=\"_blank\" rel=\"noopener noreferrer\" href=\"http:\/\/skolaklas.cz\/wp-content\/uploads\/2024\/01\/Zadost_o_prijeti_ditete_ZS_ceskyenglish.pdf\"><span class=\"fusion-button-text awb-button__text awb-button__text--default\">\u017d\u00e1dost o p\u0159ijet\u00ed d\u00edt\u011bte k\u00a0z\u00e1kladn\u00edmu vzd\u011bl\u00e1v\u00e1n\u00ed<\/span><\/a><\/div><div class=\"fusion-clearfix\"><\/div><\/div><\/div><\/div><\/div>\n","protected":false},"excerpt":{"rendered":"","protected":false},"author":2,"featured_media":0,"parent":0,"menu_order":0,"comment_status":"closed","ping_status":"closed","template":"","meta":{"footnotes":""},"class_list":["post-2490","page","type-page","status-publish","hentry"],"_links":{"self":[{"href":"https:\/\/skolaklas.cz\/index.php?rest_route=\/wp\/v2\/pages\/2490","targetHints":{"allow":["GET"]}}],"collection":[{"href":"https:\/\/skolaklas.cz\/index.php?rest_route=\/wp\/v2\/pages"}],"about":[{"href":"https:\/\/skolaklas.cz\/index.php?rest_route=\/wp\/v2\/types\/page"}],"author":[{"embeddable":true,"href":"https:\/\/skolaklas.cz\/index.php?rest_route=\/wp\/v2\/users\/2"}],"replies":[{"embeddable":true,"href":"https:\/\/skolaklas.cz\/index.php?rest_route=%2Fwp%2Fv2%2Fcomments&post=2490"}],"version-history":[{"count":31,"href":"https:\/\/skolaklas.cz\/index.php?rest_route=\/wp\/v2\/pages\/2490\/revisions"}],"predecessor-version":[{"id":3027,"href":"https:\/\/skolaklas.cz\/index.php?rest_route=\/wp\/v2\/pages\/2490\/revisions\/3027"}],"wp:attachment":[{"href":"https:\/\/skolaklas.cz\/index.php?rest_route=%2Fwp%2Fv2%2Fmedia&parent=2490"}],"curies":[{"name":"wp","href":"https:\/\/api.w.org\/{rel}","templated":true}]}}