{"id":2492,"date":"2024-01-31T12:02:54","date_gmt":"2024-01-31T12:02:54","guid":{"rendered":"http:\/\/skolaklas.cz\/?page_id=2492"},"modified":"2025-11-06T21:45:01","modified_gmt":"2025-11-06T21:45:01","slug":"jak-do-skolky","status":"publish","type":"page","link":"https:\/\/skolaklas.cz\/?page_id=2492","title":{"rendered":"Jak do \u0161kolky"},"content":{"rendered":"<div class=\"fusion-fullwidth fullwidth-box fusion-builder-row-1 nonhundred-percent-fullwidth non-hundred-percent-height-scrolling\" style=\"--awb-border-radius-top-left:0px;--awb-border-radius-top-right:0px;--awb-border-radius-bottom-right:0px;--awb-border-radius-bottom-left:0px;--awb-flex-wrap:wrap;\" ><div class=\"fusion-builder-row fusion-row\"><div class=\"fusion-layout-column fusion_builder_column fusion-builder-column-0 fusion_builder_column_1_1 1_1 fusion-one-full fusion-column-first fusion-column-last\" style=\"--awb-bg-size:cover;\"><div class=\"fusion-column-wrapper fusion-column-has-shadow fusion-flex-column-wrapper-legacy\"><div class=\"fusion-text fusion-text-1\"><h2><strong>Z\u00e1pisy do M\u0160<\/strong><\/h2>\n<p>\u2013 pro d\u011bti od 2 do 7 let, kter\u00e9 je\u0161t\u011b nenav\u0161t\u011bvuj\u00ed Z\u0160 a cht\u011bj\u00ed od z\u00e1\u0159\u00ed nastoupit do M\u0160 Klas<br \/>\n\u2013 z\u00e1pisy prob\u00edhaj\u00ed ka\u017ed\u00fd rok na p\u0159elomu b\u0159ezna a dubna<br \/>\n\u2013 informace k aktu\u00e1ln\u00edmu z\u00e1pisu a krit\u00e9ria pro p\u0159ij\u00edm\u00e1n\u00ed jsou zve\u0159ej\u0148ov\u00e1na na webu \u0161koly v obdob\u00ed leden-\u00fanor<br \/>\n\u2013 co je k z\u00e1pisu pot\u0159eba:<\/p>\n<ul>\n<li>vypln\u011bn\u00e1 online p\u0159ihl\u00e1\u0161ka<\/li>\n<li>rodn\u00fd list d\u00edt\u011bte, u cizinc\u016f doklad toto\u017enosti (pas) a platn\u00e9 v\u00edzum<\/li>\n<li>l\u00e9ka\u0159sk\u00e9 potvrzen\u00ed o zp\u016fsobilosti d\u00edt\u011bte k n\u00e1stupu do M\u0160<\/li>\n<li>uv\u00edt\u00e1me doklady z pedagogicko-psychologick\u00e9 poradny, m\u00e1te-li, abychom se mohli na vzd\u011bl\u00e1v\u00e1n\u00ed va\u0161eho d\u00edt\u011bte dob\u0159e p\u0159ipravit<\/li>\n<\/ul>\n<\/div><div class=\"fusion-button-wrapper\"><a class=\"fusion-button button-flat fusion-button-default-size button-default fusion-button-default button-1 fusion-button-default-span fusion-button-default-type\" target=\"_blank\" rel=\"noopener noreferrer\" href=\"https:\/\/skolaklas.cz\/?page_id=2603\"><span class=\"fusion-button-text awb-button__text awb-button__text--default\">Z\u00e1pisy do M\u0160 na \u0161koln\u00ed rok 2026\/2027<\/span><\/a><\/div><div class=\"fusion-sep-clear\"><\/div><div class=\"fusion-separator fusion-full-width-sep\" style=\"margin-left: auto;margin-right: auto;margin-bottom:40px;width:100%;\"><\/div><div class=\"fusion-sep-clear\"><\/div><div class=\"fusion-text fusion-text-2\"><h2><strong>N\u00e1stup do M\u0160 v\u00a0pr\u016fb\u011bhu \u0161koln\u00edho roku<\/strong><\/h2>\n<p>\u2013 je mo\u017en\u00fd, pokud m\u00e1me ve \u0161kolce m\u00edsto \u2013 zjist\u00edte dotazem na veden\u00ed \u0161koly<br \/>\n\u2013 k\u00a0n\u00e1stupu je t\u0159eba:<\/p>\n<ul>\n<li>vypln\u011bn\u00e1 \u201e\u017d\u00e1dost o p\u0159ijet\u00ed d\u00edt\u011bte do M\u0160 Klas\u201c<\/li>\n<li>rodn\u00fd list d\u00edt\u011bte, u cizinc\u016f doklad toto\u017enosti (pas)<\/li>\n<li>l\u00e9ka\u0159sk\u00e9 potvrzen\u00ed o zp\u016fsobiloti d\u00edt\u011bte k n\u00e1stupu do M\u0160<\/li>\n<li>uv\u00edt\u00e1me doklady z pedagogicko-psychologick\u00e9 poradny, m\u00e1te-li, abychom se<br \/>\nmohli na vzd\u011bl\u00e1v\u00e1n\u00ed va\u0161eho d\u00edt\u011bte dob\u0159e p\u0159ipravit<\/li>\n<\/ul>\n<\/div><div class=\"fusion-button-wrapper\"><a class=\"fusion-button button-flat fusion-button-default-size button-default fusion-button-default button-2 fusion-button-default-span fusion-button-default-type\" target=\"_blank\" rel=\"noopener noreferrer\" href=\"http:\/\/skolaklas.cz\/wp-content\/uploads\/2024\/01\/Zadost_o_prijeti_ditete_MS_ceskyenglishmedical-form.pdf\"><span class=\"fusion-button-text awb-button__text awb-button__text--default\">P\u0159ihl\u00e1\u0161ka d\u00edt\u011bte k p\u0159ed\u0161koln\u00edmu vzd\u011bl\u00e1v\u00e1n\u00ed<\/span><\/a><\/div><div class=\"fusion-clearfix\"><\/div><\/div><\/div><\/div><\/div>\n","protected":false},"excerpt":{"rendered":"","protected":false},"author":2,"featured_media":0,"parent":0,"menu_order":0,"comment_status":"closed","ping_status":"closed","template":"","meta":{"footnotes":""},"class_list":["post-2492","page","type-page","status-publish","hentry"],"_links":{"self":[{"href":"https:\/\/skolaklas.cz\/index.php?rest_route=\/wp\/v2\/pages\/2492","targetHints":{"allow":["GET"]}}],"collection":[{"href":"https:\/\/skolaklas.cz\/index.php?rest_route=\/wp\/v2\/pages"}],"about":[{"href":"https:\/\/skolaklas.cz\/index.php?rest_route=\/wp\/v2\/types\/page"}],"author":[{"embeddable":true,"href":"https:\/\/skolaklas.cz\/index.php?rest_route=\/wp\/v2\/users\/2"}],"replies":[{"embeddable":true,"href":"https:\/\/skolaklas.cz\/index.php?rest_route=%2Fwp%2Fv2%2Fcomments&post=2492"}],"version-history":[{"count":11,"href":"https:\/\/skolaklas.cz\/index.php?rest_route=\/wp\/v2\/pages\/2492\/revisions"}],"predecessor-version":[{"id":3030,"href":"https:\/\/skolaklas.cz\/index.php?rest_route=\/wp\/v2\/pages\/2492\/revisions\/3030"}],"wp:attachment":[{"href":"https:\/\/skolaklas.cz\/index.php?rest_route=%2Fwp%2Fv2%2Fmedia&parent=2492"}],"curies":[{"name":"wp","href":"https:\/\/api.w.org\/{rel}","templated":true}]}}