{"id":2502,"date":"2024-01-31T12:17:08","date_gmt":"2024-01-31T12:17:08","guid":{"rendered":"http:\/\/skolaklas.cz\/?page_id=2502"},"modified":"2026-03-26T12:56:12","modified_gmt":"2026-03-26T12:56:12","slug":"zapisy-do-1-rocniku-zs","status":"publish","type":"page","link":"https:\/\/skolaklas.cz\/?page_id=2502","title":{"rendered":"Z\u00e1pisy do 1. ro\u010dn\u00edku Z\u0160 Klas 2026\/2027"},"content":{"rendered":"<div class=\"fusion-fullwidth fullwidth-box fusion-builder-row-1 nonhundred-percent-fullwidth non-hundred-percent-height-scrolling\" style=\"--awb-border-radius-top-left:0px;--awb-border-radius-top-right:0px;--awb-border-radius-bottom-right:0px;--awb-border-radius-bottom-left:0px;--awb-flex-wrap:wrap;\" ><div class=\"fusion-builder-row fusion-row\"><div class=\"fusion-layout-column fusion_builder_column fusion-builder-column-0 fusion_builder_column_1_1 1_1 fusion-one-full fusion-column-first fusion-column-last\" style=\"--awb-bg-size:cover;\"><div class=\"fusion-column-wrapper fusion-column-has-shadow fusion-flex-column-wrapper-legacy\"><div class=\"fusion-sep-clear\"><\/div><div class=\"fusion-separator fusion-full-width-sep\" style=\"margin-left: auto;margin-right: auto;margin-top:10px;margin-bottom:10px;width:100%;\"><\/div><div class=\"fusion-sep-clear\"><\/div><div class=\"fusion-text fusion-text-1\"><p>V\u00fdsledky z\u00e1pis\u016f do 1. t\u0159\u00eddy Z\u0160 Klas 2026\/2027:<\/p>\n<p><a href=\"http:\/\/skolaklas.cz\/wp-content\/uploads\/2026\/03\/print-41.pdf\">V\u00fdsledky z\u00e1pis\u016f Z\u0160 Klas 2026\/2027<\/a><\/p>\n<\/div><div class=\"fusion-sep-clear\"><\/div><div class=\"fusion-separator fusion-full-width-sep\" style=\"margin-left: auto;margin-right: auto;margin-top:10px;margin-bottom:10px;width:100%;\"><\/div><div class=\"fusion-sep-clear\"><\/div><div class=\"fusion-text fusion-text-2\"><h4>Z\u00e1pisy do 1. ro\u010dn\u00edku povinn\u00e9 \u0161koln\u00ed doch\u00e1zky v\u00a0Z\u0160 KLAS budou prob\u00edhat ve dnech 3.-6. 2. 2026 v\u00a0budov\u011b \u0161koly na \u0160koln\u00edm n\u00e1m\u011bst\u00ed 37, Pardubice-Rosice.<\/h4>\n<p>P\u0159ihl\u00e1\u0161ka k\u00a0z\u00e1pisu se objev\u00ed po vypln\u011bn\u00ed \u00fadaj\u016f v\u00a0elektronick\u00e9 p\u0159ihl\u00e1\u0161ce pod t\u00edmto odkazem:<\/p>\n<p><a href=\"https:\/\/skolaklas.edookit.net\/application\" target=\"_blank\" rel=\"noopener noreferrer\"><img decoding=\"async\" src=\"https:\/\/skolaklas.edookit.net\/images\/admission\/banner_200x200.png\" width=\"200\" height=\"200\" \/><\/a><\/p>\n<p>Vypln\u011bnou p\u0159ihl\u00e1\u0161ku si pros\u00edm po odesl\u00e1n\u00ed formul\u00e1\u0159e st\u00e1hn\u011bte, vytiskn\u011bte, dopl\u0148te a p\u0159ineste podepsanou k\u00a0z\u00e1pisu.<\/p>\n<p>V souladu s \u00a7 164 odst. 1, p\u00edsm. a) a v souladu s \u00a7 165 odst. 1, p\u00edsm. a) z\u00e1kona \u010d. 561\/2004 Sb. (\u0161kolsk\u00fd z\u00e1kon), v platn\u00e9m zn\u011bn\u00ed, a v souladu s \u00a7 3a vyhl\u00e1\u0161ky \u010d. 48\/2005, v platn\u00e9m zn\u011bn\u00ed, stanovuje \u0159editelka Z\u00e1kladn\u00ed \u0161koly a mate\u0159sk\u00e9 \u0161koly Klas s.r.o.<strong>,\u00a0<\/strong>\u017ee ve \u0161koln\u00edm roce 2026\/2027 otev\u0159e 1. t\u0159\u00eddu s maxim\u00e1ln\u00edm po\u010dtem 15 \u017e\u00e1k\u016f.<\/p>\n<\/div><div class=\"fusion-sep-clear\"><\/div><div class=\"fusion-separator fusion-full-width-sep\" style=\"margin-left: auto;margin-right: auto;margin-top:10px;margin-bottom:10px;width:100%;\"><\/div><div class=\"fusion-sep-clear\"><\/div><div class=\"fusion-text fusion-text-3\"><p>Ti budou p\u0159ij\u00edm\u00e1ni na z\u00e1klad\u011b n\u00e1sleduj\u00edc\u00edch krit\u00e9ri\u00ed:<\/p>\n<p><strong>1. V\u011bk<\/strong> \u2013 uchaze\u010di, kte\u0159\u00ed nejpozd\u011bji 31. 8. 2026 dos\u00e1hnou v\u011bku 6 let \u2013 2 body<br \/>\nprok\u00e1z\u00e1n\u00ed: rodn\u00fdm listem nebo ob\u010dansk\u00fdm pr\u016fkazem, pokud byl pro d\u00edt\u011b vyd\u00e1n<\/p>\n<p><strong>2. P\u0159\u00edtomnost uchaze\u010de u z\u00e1pisu<\/strong> \u2013 2 body<br \/>\nprok\u00e1z\u00e1n\u00ed: osobn\u00ed p\u0159\u00edtomnost\u00ed uchaze\u010de u z\u00e1pisu<\/p>\n<p><strong>3. Sourozenec nebo jin\u00fd p\u0159\u00edbuzn\u00fd v Z\u0160 a M\u0160 Klas<\/strong>\u00a0\u2013 2 body<br \/>\nprok\u00e1z\u00e1n\u00ed: matrika Z\u0160 a M\u0160 Klas<\/p>\n<p><strong>4. Spln\u011bn\u00ed p\u0159edpoklad\u016f ke vzd\u011bl\u00e1v\u00e1n\u00ed v\u00a0Z\u0160 Klas<\/strong> \u2013 2 body<br \/>\n(bodov\u00e1no bude bu\u010f pouze krit\u00e9rium 4.1, anebo p\u0159i jeho nespln\u011bn\u00ed krit\u00e9rium 4.2)<\/p>\n<p><strong>\u00a0 \u00a04.1. Uchaze\u010d absolvoval mate\u0159skou \u0161kolu Klas<\/strong> \u2013 2 body<br \/>\nprok\u00e1z\u00e1n\u00ed: matrika M\u0160 Klas, vy\u017eadov\u00e1na je doch\u00e1zka min. po dobu 10 m\u011bs\u00edc\u016f<\/p>\n<p><strong>\u00a0 \u00a04.2. Ovl\u00e1d\u00e1 z\u00e1klady anglick\u00e9ho jazyka na komunika\u010dn\u00ed \u00farovni<\/strong> (rozum\u00ed b\u011b\u017en\u00fdm pokyn\u016fm, pozdrav\u00ed, pod\u011bkuje, po\u017e\u00e1d\u00e1, pochop\u00ed pokyn na sm\u011br, zn\u00e1 \u010d\u00edsla do 10, barvy, z\u00e1kladn\u00ed tvary\u2026) \/ <strong>je z bilingvn\u00ed rodiny<\/strong> \u2013 2 body<br \/>\nprokazuje se p\u0159i osobn\u00edm pohovoru prohl\u00e1\u0161en\u00edm rodi\u010d\u016f<\/p>\n<p>Maxim\u00e1ln\u00ed po\u010det bod\u016f: 8 bod\u016f<\/p>\n<p>V\u00a0p\u0159\u00edpad\u011b rovnosti bod\u016f rozhodne los.<\/p>\n<\/div><div class=\"fusion-clearfix\"><\/div><\/div><\/div><\/div><\/div>\n","protected":false},"excerpt":{"rendered":"","protected":false},"author":2,"featured_media":0,"parent":0,"menu_order":0,"comment_status":"closed","ping_status":"closed","template":"","meta":{"footnotes":""},"class_list":["post-2502","page","type-page","status-publish","hentry"],"_links":{"self":[{"href":"https:\/\/skolaklas.cz\/index.php?rest_route=\/wp\/v2\/pages\/2502","targetHints":{"allow":["GET"]}}],"collection":[{"href":"https:\/\/skolaklas.cz\/index.php?rest_route=\/wp\/v2\/pages"}],"about":[{"href":"https:\/\/skolaklas.cz\/index.php?rest_route=\/wp\/v2\/types\/page"}],"author":[{"embeddable":true,"href":"https:\/\/skolaklas.cz\/index.php?rest_route=\/wp\/v2\/users\/2"}],"replies":[{"embeddable":true,"href":"https:\/\/skolaklas.cz\/index.php?rest_route=%2Fwp%2Fv2%2Fcomments&post=2502"}],"version-history":[{"count":24,"href":"https:\/\/skolaklas.cz\/index.php?rest_route=\/wp\/v2\/pages\/2502\/revisions"}],"predecessor-version":[{"id":3245,"href":"https:\/\/skolaklas.cz\/index.php?rest_route=\/wp\/v2\/pages\/2502\/revisions\/3245"}],"wp:attachment":[{"href":"https:\/\/skolaklas.cz\/index.php?rest_route=%2Fwp%2Fv2%2Fmedia&parent=2502"}],"curies":[{"name":"wp","href":"https:\/\/api.w.org\/{rel}","templated":true}]}}