{"id":2603,"date":"2024-02-19T12:25:16","date_gmt":"2024-02-19T12:25:16","guid":{"rendered":"http:\/\/skolaklas.cz\/?page_id=2603"},"modified":"2025-12-05T15:20:12","modified_gmt":"2025-12-05T15:20:12","slug":"zapisy-do-ms","status":"publish","type":"page","link":"https:\/\/skolaklas.cz\/?page_id=2603","title":{"rendered":"Z\u00e1pisy do M\u0160 2026\/2027"},"content":{"rendered":"<div class=\"fusion-fullwidth fullwidth-box fusion-builder-row-1 nonhundred-percent-fullwidth non-hundred-percent-height-scrolling\" style=\"--awb-border-radius-top-left:0px;--awb-border-radius-top-right:0px;--awb-border-radius-bottom-right:0px;--awb-border-radius-bottom-left:0px;--awb-flex-wrap:wrap;\" ><div class=\"fusion-builder-row fusion-row\"><div class=\"fusion-layout-column fusion_builder_column fusion-builder-column-0 fusion_builder_column_1_1 1_1 fusion-one-full fusion-column-first fusion-column-last\" style=\"--awb-bg-size:cover;\"><div class=\"fusion-column-wrapper fusion-column-has-shadow fusion-flex-column-wrapper-legacy\"><div class=\"fusion-text fusion-text-1\"><p>Z\u00e1pisy do mate\u0159sk\u00e9 \u0161koly Klas budou prob\u00edhat ve dnech<strong> 16.-19. 3. 2026<\/strong>, a to v budov\u011b \u0161koly na \u0160koln\u00edm n\u00e1m\u011bst\u00ed 37, Pardubice-Rosice.<\/p>\n<p>P\u0159ihl\u00e1\u0161ka k z\u00e1pisu i nab\u00eddka term\u00edn\u016f se objev\u00ed po vypln\u011bn\u00ed \u00fadaj\u016f v elektronick\u00e9 p\u0159ihl\u00e1\u0161ce pod t\u00edmto odkazem:<\/p>\n<p><a href=\"https:\/\/skolaklas.edookit.net\/application\/?round=6\">Z\u00e1pisy do M\u0160 &#8211; online p\u0159ihl\u00e1\u0161ka<\/a><\/p>\n<p>Vypln\u011bnou p\u0159ihl\u00e1\u0161ku si pros\u00edm po odesl\u00e1n\u00ed formul\u00e1\u0159e st\u00e1hn\u011bte, vytiskn\u011bte, dopl\u0148te a p\u0159ineste podepsanou k\u00a0z\u00e1pisu.\u00a0D\u00e1le budeme pot\u0159ebovat rodn\u00fd list d\u00edt\u011bte a dokumenty z\u00a0pedagogicko-psychologick\u00e9 poradny, pokud ji d\u00edt\u011b nav\u0161t\u00edvilo, a p\u0159\u00edpadn\u011b rozhodnut\u00ed \u0161koly o odkladu \u0161koln\u00ed doch\u00e1zky.<\/p>\n<p>V souladu s \u00a7 164 odst. 1, p\u00edsm. a) a v souladu s \u00a7 165 odst. 1, p\u00edsm. b) z\u00e1kona \u010d. 561\/2004 Sb., o p\u0159ed\u0161koln\u00edm, z\u00e1kladn\u00edm, st\u0159edn\u00edm, vy\u0161\u0161\u00edm odborn\u00e9m a jin\u00e9m vzd\u011bl\u00e1v\u00e1n\u00ed (\u0161kolsk\u00fd z\u00e1kon), v platn\u00e9m zn\u011bn\u00ed, stanovuje \u0159editelka Z\u00e1kladn\u00ed \u0161koly a mate\u0159sk\u00e9 \u0161koly Klas s.r.o.<strong>,\u00a0<\/strong>\u017ee ve \u0161koln\u00edm roce 2026\/2027 budou p\u0159ij\u00edm\u00e1ny d\u011bti na z\u00e1klad\u011b n\u00e1sleduj\u00edc\u00edch krit\u00e9ri\u00ed:<br \/>\n<strong>1. V\u011bk d\u00edt\u011bte<\/strong> \u2013 p\u0159ednost maj\u00ed star\u0161\u00ed d\u011bti,<br \/>\n<strong>2. Sourozenci \u017e\u00e1k\u016f<\/strong>, kte\u0159\u00ed ji\u017e nav\u0161t\u011bvuj\u00ed \u0161kolu \u010di \u0161kolku KLAS.<br \/>\nV p\u0159\u00edpad\u011b, \u017ee nebude mo\u017en\u00e9 uplatnit \u017e\u00e1dn\u00e9 z v\u00fd\u0161e zm\u00edn\u011bn\u00fdch krit\u00e9ri\u00ed, rozhodne los.<\/p>\n<p>Zaj\u00edm\u00e1te-li se o to, jak prob\u00edh\u00e1 v\u00fduka v na\u0161\u00ed \u0161kolce, <strong>nav\u0161tivte n\u00e1s ve dnech otev\u0159en\u00fdch dve\u0159\u00ed od 5. do 9. ledna 2026.<\/strong><\/p>\n<\/div><div class=\"fusion-sep-clear\"><\/div><div class=\"fusion-separator fusion-full-width-sep\" style=\"margin-left: auto;margin-right: auto;margin-bottom:40px;width:100%;\"><\/div><div class=\"fusion-sep-clear\"><\/div><div class=\"fusion-clearfix\"><\/div><\/div><\/div><\/div><\/div>\n","protected":false},"excerpt":{"rendered":"","protected":false},"author":2,"featured_media":0,"parent":0,"menu_order":0,"comment_status":"closed","ping_status":"closed","template":"","meta":{"footnotes":""},"class_list":["post-2603","page","type-page","status-publish","hentry"],"_links":{"self":[{"href":"https:\/\/skolaklas.cz\/index.php?rest_route=\/wp\/v2\/pages\/2603","targetHints":{"allow":["GET"]}}],"collection":[{"href":"https:\/\/skolaklas.cz\/index.php?rest_route=\/wp\/v2\/pages"}],"about":[{"href":"https:\/\/skolaklas.cz\/index.php?rest_route=\/wp\/v2\/types\/page"}],"author":[{"embeddable":true,"href":"https:\/\/skolaklas.cz\/index.php?rest_route=\/wp\/v2\/users\/2"}],"replies":[{"embeddable":true,"href":"https:\/\/skolaklas.cz\/index.php?rest_route=%2Fwp%2Fv2%2Fcomments&post=2603"}],"version-history":[{"count":14,"href":"https:\/\/skolaklas.cz\/index.php?rest_route=\/wp\/v2\/pages\/2603\/revisions"}],"predecessor-version":[{"id":3131,"href":"https:\/\/skolaklas.cz\/index.php?rest_route=\/wp\/v2\/pages\/2603\/revisions\/3131"}],"wp:attachment":[{"href":"https:\/\/skolaklas.cz\/index.php?rest_route=%2Fwp%2Fv2%2Fmedia&parent=2603"}],"curies":[{"name":"wp","href":"https:\/\/api.w.org\/{rel}","templated":true}]}}