{"id":2649,"date":"2024-09-20T13:36:35","date_gmt":"2024-09-20T13:36:35","guid":{"rendered":"http:\/\/skolaklas.cz\/?page_id=2649"},"modified":"2026-02-17T07:25:05","modified_gmt":"2026-02-17T07:25:05","slug":"skola-klas-polabiny","status":"publish","type":"page","link":"https:\/\/skolaklas.cz\/?page_id=2649","title":{"rendered":"\u0160kola Klas &#8211; Polabiny"},"content":{"rendered":"<div class=\"fusion-fullwidth fullwidth-box fusion-builder-row-1 nonhundred-percent-fullwidth non-hundred-percent-height-scrolling\" style=\"--awb-border-radius-top-left:0px;--awb-border-radius-top-right:0px;--awb-border-radius-bottom-right:0px;--awb-border-radius-bottom-left:0px;--awb-flex-wrap:wrap;\" ><div class=\"fusion-builder-row fusion-row\"><div class=\"fusion-layout-column fusion_builder_column fusion-builder-column-0 fusion_builder_column_1_1 1_1 fusion-one-full fusion-column-first fusion-column-last\" style=\"--awb-bg-size:cover;--awb-margin-bottom:0px;\"><div class=\"fusion-column-wrapper fusion-flex-column-wrapper-legacy\"><div class=\"fusion-text fusion-text-1\"><div><strong>Z\u00e1kladn\u00ed \u0161kola a mate\u0159sk\u00e1 \u0161kola Klas, s.r.o., se v \u010dervnu 2023 roz\u0161\u00ed\u0159ila o pobo\u010dku Klas-Polabiny, ve kter\u00e9 p\u0159izp\u016fsobuje sv\u016fj vzd\u011bl\u00e1vac\u00ed program \u017e\u00e1k\u016fm z Ukrajiny &#8211; krom\u011b b\u011b\u017en\u00e9ho kurikula v \u010de\u0161tin\u011b vyu\u010duje ukrajinsk\u00fd jazyk a tak\u00e9 v\u00fdznamn\u011b pom\u00e1h\u00e1 s adaptac\u00ed \u017e\u00e1k\u016f i jejich rodin na \u010desk\u00e9 prost\u0159ed\u00ed. Ve \u0161kole p\u016fsob\u00ed v\u00fdchovn\u00fd poradce, ukrajinsk\u00fd logoped, \u010desk\u00fd soci\u00e1ln\u00ed pracovn\u00edk, nav\u00e1z\u00e1na je spolupr\u00e1ce s psychology a terapeuty a samoz\u0159ejm\u011b s m\u00edstn\u00edmi pom\u00e1haj\u00edc\u00edmi sdru\u017een\u00edmi, nap\u0159. se spolkem Kalyna.<\/strong><\/div>\n<\/div><div class=\"fusion-sep-clear\"><\/div><div class=\"fusion-separator fusion-full-width-sep\" style=\"margin-left: auto;margin-right: auto;width:100%;\"><div class=\"fusion-separator-border sep-double\" style=\"--awb-height:20px;--awb-amount:20px;border-color:#e0dede;border-top-width:1px;border-bottom-width:1px;\"><\/div><\/div><div class=\"fusion-sep-clear\"><\/div><div class=\"fusion-text fusion-text-2\"><div><strong>Kontakty:<\/strong><\/div>\n<div>Mgr. Kl\u00e1ra Svobodov\u00e1<\/div>\n<div>&#8211; majitelka a z\u0159izovatelka \u0161koly, vede pobo\u010dku Klas-Polabiny<\/div>\n<div>&#8211; tel. 774 305 555, info@skolaklas.cz &#8211; CZ, ENG<\/div>\n<div>Mgr. Melanka Yuei<\/div>\n<div>&#8211; technicko-organiza\u010dn\u00ed zaji\u0161t\u011bn\u00ed Klas-Polabiny, p\u0159ij\u00edm\u00e1 nov\u00e9 \u017e\u00e1ky, komunikuje s rodi\u010di<\/div>\n<div>&#8211; tel. 608 943 181, email: melanka.yuei@skolaklas.cz &#8211; UA, CZ<\/div>\n<\/div><div class=\"fusion-sep-clear\"><\/div><div class=\"fusion-separator fusion-full-width-sep\" style=\"margin-left: auto;margin-right: auto;width:100%;\"><div class=\"fusion-separator-border sep-double\" style=\"--awb-height:20px;--awb-amount:20px;border-color:#e0dede;border-top-width:1px;border-bottom-width:1px;\"><\/div><\/div><div class=\"fusion-sep-clear\"><\/div><div class=\"fusion-text fusion-text-3\"><div><strong>T\u00fdm \u0161koly:<\/strong><\/div>\n<div>Bc. Barbora Duch\u00e1\u010dov\u00e1 &#8211; t\u0159\u00eddn\u00ed III.B a IV.B, u\u010ditelka pro 1. stupe\u0148<\/div>\n<div>Bc. Mark\u00e9ta Antochov\u00e1 &#8211; t\u0159\u00eddn\u00ed V.B, u\u010ditelka\u00a0pro 1. stupe\u0148<\/div>\n<div>Mgr. Svitlana Neichenko &#8211; t\u0159\u00eddn\u00ed VI.B, u\u010ditelka matematiky, chemie a informatiky<\/div>\n<div>Mgr. Alona Kairtseva &#8211; t\u0159\u00eddn\u00ed VII.B, u\u010ditelka p\u0159\u00edrodopisu<\/div>\n<div>Mgr. Milan Zanina &#8211; t\u0159\u00eddn\u00ed IX.B, u\u010ditel zem\u011bpisu<\/div>\n<div><\/div>\n<\/div><div class=\"fusion-clearfix\"><\/div><\/div><\/div><\/div><\/div>\n","protected":false},"excerpt":{"rendered":"","protected":false},"author":2,"featured_media":0,"parent":0,"menu_order":0,"comment_status":"closed","ping_status":"closed","template":"","meta":{"footnotes":""},"class_list":["post-2649","page","type-page","status-publish","hentry"],"_links":{"self":[{"href":"https:\/\/skolaklas.cz\/index.php?rest_route=\/wp\/v2\/pages\/2649","targetHints":{"allow":["GET"]}}],"collection":[{"href":"https:\/\/skolaklas.cz\/index.php?rest_route=\/wp\/v2\/pages"}],"about":[{"href":"https:\/\/skolaklas.cz\/index.php?rest_route=\/wp\/v2\/types\/page"}],"author":[{"embeddable":true,"href":"https:\/\/skolaklas.cz\/index.php?rest_route=\/wp\/v2\/users\/2"}],"replies":[{"embeddable":true,"href":"https:\/\/skolaklas.cz\/index.php?rest_route=%2Fwp%2Fv2%2Fcomments&post=2649"}],"version-history":[{"count":8,"href":"https:\/\/skolaklas.cz\/index.php?rest_route=\/wp\/v2\/pages\/2649\/revisions"}],"predecessor-version":[{"id":3198,"href":"https:\/\/skolaklas.cz\/index.php?rest_route=\/wp\/v2\/pages\/2649\/revisions\/3198"}],"wp:attachment":[{"href":"https:\/\/skolaklas.cz\/index.php?rest_route=%2Fwp%2Fv2%2Fmedia&parent=2649"}],"curies":[{"name":"wp","href":"https:\/\/api.w.org\/{rel}","templated":true}]}}